{"id":10857,"date":"2024-09-03T06:12:41","date_gmt":"2024-09-03T06:12:41","guid":{"rendered":"https:\/\/tienda.laude.wine\/?post_type=product&#038;p=10857"},"modified":"2025-11-14T12:54:34","modified_gmt":"2025-11-14T12:54:34","slug":"prado-rey-rosado","status":"publish","type":"product","link":"https:\/\/tienda.laude.wine\/es\/producto\/prado-rey-rosado\/","title":{"rendered":"Prado Rey Rosado"},"content":{"rendered":"<p><strong>Vino: <\/strong>Prado Rey Rosado<br \/>\n<strong>Variedades: <\/strong>50% Tempranillo y 50% Merlot<br \/>\n<strong>Alcohol:<\/strong> 13%<br \/>\n<strong>bodega:<\/strong> Bodegas y Vi\u00f1edos Pradorey<br \/>\n<strong>Denominaci\u00f3n de Origen:<\/strong> DO Ribera del Duero<\/p>\n<p>&nbsp;<\/p>\n<p><strong>Introducci\u00f3n al vino:<\/strong> Innovador, consistente, elegante y sorprendente, est\u00e1 considerado como uno de los mejores vinos rosados de Espa\u00f1a. Dicen que incluso del mundo. Quienes se atreven a probar el rosado se convierten r\u00e1pidamente en fans de este vino. Solo por eso, vale la pena compartirlo con amigos como aperitivo o en cualquier celebraci\u00f3n familiar.<br \/>\n<strong>Elaboraci\u00f3n:<\/strong> Vendimia manual. Fermentaci\u00f3n espont\u00e1nea. Crianza de tres meses en barricas de roble franc\u00e9s.<br \/>\n<strong>Servicio:<\/strong> Entre 6 y 8 \u00b0C.<br \/>\n<strong>Maridaje:<\/strong> Tartar de pescado, arroces caldosos y fideu\u00e1, risotto con colmenillas y foie gras, y sardinas a la plancha.<br \/>\n<strong>Premios:<\/strong> 90 puntos en la Gu\u00eda Pe\u00f1\u00edn y Medalla de Oro Bacchus (2017).<\/p>\n<p>Si eres un profesional del sector y te gustar\u00eda tener Prado Rey Rosado en tu restaurante o establecimiento, ponte en contacto con info@monvins.cat con tus datos. Te responderemos lo antes posible.<\/p>\n","protected":false},"excerpt":{"rendered":"<p><strong>Vino: <\/strong>Prado Rey Rosado<br \/>\n<strong>Variedades: <\/strong>50% Tempranillo y 50% Merlot<br \/>\n<strong>Alcohol:<\/strong> 13%<br \/>\n<strong>Bodega:<\/strong>\u00a0Bodegas y Vi\u00f1edos Pradorey<br \/>\n<strong>Denominaci\u00f3n de Origen:<\/strong> DO Ribera del Duero<\/p>\n","protected":false},"featured_media":10855,"comment_status":"open","ping_status":"closed","template":"","meta":[],"product_brand":[],"product_cat":[343,336],"product_tag":[367],"class_list":{"0":"post-10857","1":"product","2":"type-product","3":"status-publish","4":"has-post-thumbnail","6":"product_cat-rosados","7":"product_cat-todos","8":"product_tag-tempranillo","10":"first","11":"instock","12":"taxable","13":"shipping-taxable","14":"purchasable","15":"product-type-simple"},"_links":{"self":[{"href":"https:\/\/tienda.laude.wine\/es\/wp-json\/wp\/v2\/product\/10857","targetHints":{"allow":["GET"]}}],"collection":[{"href":"https:\/\/tienda.laude.wine\/es\/wp-json\/wp\/v2\/product"}],"about":[{"href":"https:\/\/tienda.laude.wine\/es\/wp-json\/wp\/v2\/types\/product"}],"replies":[{"embeddable":true,"href":"https:\/\/tienda.laude.wine\/es\/wp-json\/wp\/v2\/comments?post=10857"}],"wp:featuredmedia":[{"embeddable":true,"href":"https:\/\/tienda.laude.wine\/es\/wp-json\/wp\/v2\/media\/10855"}],"wp:attachment":[{"href":"https:\/\/tienda.laude.wine\/es\/wp-json\/wp\/v2\/media?parent=10857"}],"wp:term":[{"taxonomy":"product_brand","embeddable":true,"href":"https:\/\/tienda.laude.wine\/es\/wp-json\/wp\/v2\/product_brand?post=10857"},{"taxonomy":"product_cat","embeddable":true,"href":"https:\/\/tienda.laude.wine\/es\/wp-json\/wp\/v2\/product_cat?post=10857"},{"taxonomy":"product_tag","embeddable":true,"href":"https:\/\/tienda.laude.wine\/es\/wp-json\/wp\/v2\/product_tag?post=10857"}],"curies":[{"name":"wp","href":"https:\/\/api.w.org\/{rel}","templated":true}]}}