{"id":10849,"date":"2024-09-03T06:14:15","date_gmt":"2024-09-03T06:14:15","guid":{"rendered":"https:\/\/tienda.laude.wine\/product\/14-horas-2024\/"},"modified":"2025-11-11T09:47:34","modified_gmt":"2025-11-11T09:47:34","slug":"14-horas-2024","status":"publish","type":"product","link":"https:\/\/tienda.laude.wine\/es\/producto\/14-horas-2024\/","title":{"rendered":"14 Horas 2024"},"content":{"rendered":"<p><strong data-start=\"276\" data-end=\"283\">Vino: <\/strong> 14 Horas<br \/>\n<strong data-start=\"328\" data-end=\"348\">Variedades: <\/strong>100 % Trepat<br \/>\n<strong data-start=\"415\" data-end=\"427\">Alcohol: <\/strong>13 % vol<span class=\"\" data-state=\"closed\"><span class=\"ms-1 inline-flex max-w-full items-center relative top-[-0.094rem] animate-[show_150ms_ease-in]\" data-testid=\"webpage-citation-pill\"><br \/>\n<\/span><\/span><strong data-start=\"497\" data-end=\"520\">Bodega: <\/strong>Vidbertus<span class=\"\" data-state=\"closed\"><span class=\"ms-1 inline-flex max-w-full items-center relative top-[-0.094rem] animate-[show_150ms_ease-in]\" data-testid=\"webpage-citation-pill\"><br \/>\n<\/span><\/span><strong data-start=\"626\" data-end=\"651\">Denominaci\u00f3n de Origen: <\/strong>D.O. Conca de Barber\u00e0<\/p>\n<p>&nbsp;<\/p>\n<p><strong data-start=\"964\" data-end=\"988\">Servicio: <\/strong>Recomendado entre 6 \u00b0C y 8 \u00b0C.<br \/>\n<strong data-start=\"1098\" data-end=\"1112\">Elaboraci\u00f3n: <\/strong>Maceraci\u00f3n con las pieles durante 14 horas (de ah\u00ed el nombre), fermentaci\u00f3n con levaduras aut\u00f3ctonas a temperatura fr\u00eda en acero inoxidable.<\/p>\n<p>&nbsp;<\/p>\n","protected":false},"excerpt":{"rendered":"<p><strong data-start=\"276\" data-end=\"283\">Vino: <\/strong> 14 Horas<br \/>\n<strong data-start=\"328\" data-end=\"348\">Variedades: <\/strong>100 % Trepat<br \/>\n<strong data-start=\"415\" data-end=\"427\">Alcohol: <\/strong>13 % vol<span class=\"\" data-state=\"closed\"><span class=\"ms-1 inline-flex max-w-full items-center relative top-[-0.094rem] animate-[show_150ms_ease-in]\" data-testid=\"webpage-citation-pill\"><br \/>\n<\/span><\/span><strong data-start=\"497\" data-end=\"520\">Bodega: <\/strong>Vidbertus<span class=\"\" data-state=\"closed\"><span class=\"ms-1 inline-flex max-w-full items-center relative top-[-0.094rem] animate-[show_150ms_ease-in]\" data-testid=\"webpage-citation-pill\"><br \/>\n<\/span><\/span><strong data-start=\"626\" data-end=\"651\">Denominaci\u00f3n de Origen: <\/strong>D.O. Conca de Barber\u00e0<\/p>\n","protected":false},"featured_media":10848,"comment_status":"closed","ping_status":"closed","template":"","meta":[],"product_brand":[],"product_cat":[343,336],"product_tag":[],"class_list":{"0":"post-10849","1":"product","2":"type-product","3":"status-publish","4":"has-post-thumbnail","6":"product_cat-rosados","7":"product_cat-todos","9":"first","10":"instock","11":"taxable","12":"shipping-taxable","13":"purchasable","14":"product-type-simple"},"_links":{"self":[{"href":"https:\/\/tienda.laude.wine\/es\/wp-json\/wp\/v2\/product\/10849","targetHints":{"allow":["GET"]}}],"collection":[{"href":"https:\/\/tienda.laude.wine\/es\/wp-json\/wp\/v2\/product"}],"about":[{"href":"https:\/\/tienda.laude.wine\/es\/wp-json\/wp\/v2\/types\/product"}],"replies":[{"embeddable":true,"href":"https:\/\/tienda.laude.wine\/es\/wp-json\/wp\/v2\/comments?post=10849"}],"wp:featuredmedia":[{"embeddable":true,"href":"https:\/\/tienda.laude.wine\/es\/wp-json\/wp\/v2\/media\/10848"}],"wp:attachment":[{"href":"https:\/\/tienda.laude.wine\/es\/wp-json\/wp\/v2\/media?parent=10849"}],"wp:term":[{"taxonomy":"product_brand","embeddable":true,"href":"https:\/\/tienda.laude.wine\/es\/wp-json\/wp\/v2\/product_brand?post=10849"},{"taxonomy":"product_cat","embeddable":true,"href":"https:\/\/tienda.laude.wine\/es\/wp-json\/wp\/v2\/product_cat?post=10849"},{"taxonomy":"product_tag","embeddable":true,"href":"https:\/\/tienda.laude.wine\/es\/wp-json\/wp\/v2\/product_tag?post=10849"}],"curies":[{"name":"wp","href":"https:\/\/api.w.org\/{rel}","templated":true}]}}