{"id":12676,"date":"2025-11-28T09:52:16","date_gmt":"2025-11-28T09:52:16","guid":{"rendered":"https:\/\/tienda.laude.wine\/?page_id=12676"},"modified":"2025-11-28T10:28:23","modified_gmt":"2025-11-28T10:28:23","slug":"politica-de-cancelacion","status":"publish","type":"page","link":"https:\/\/tienda.laude.wine\/es\/politica-de-cancelacion\/","title":{"rendered":"POL\u00cdTICA DE CANCELACI\u00d3N"},"content":{"rendered":"\t\t<div data-elementor-type=\"wp-page\" data-elementor-id=\"12676\" class=\"elementor elementor-12676 elementor-12603\" data-elementor-post-type=\"page\">\n\t\t\t\t\t\t<section class=\"elementor-section elementor-top-section elementor-element elementor-element-1df5cc2 elementor-section-height-min-height elementor-section-items-stretch elementor-section-content-middle elementor-section-boxed elementor-section-height-default\" data-id=\"1df5cc2\" data-element_type=\"section\" data-settings=\"{&quot;background_background&quot;:&quot;slideshow&quot;,&quot;background_slideshow_gallery&quot;:[{&quot;id&quot;:12671,&quot;url&quot;:&quot;https:\\\/\\\/tienda.laude.wine\\\/wp-content\\\/uploads\\\/copa-vi-negre-2-1.jpg&quot;},{&quot;id&quot;:12672,&quot;url&quot;:&quot;https:\\\/\\\/tienda.laude.wine\\\/wp-content\\\/uploads\\\/vermut-blur-scaled-1.jpg&quot;},{&quot;id&quot;:12673,&quot;url&quot;:&quot;https:\\\/\\\/tienda.laude.wine\\\/wp-content\\\/uploads\\\/copa-cava-1.jpg&quot;},{&quot;id&quot;:12674,&quot;url&quot;:&quot;https:\\\/\\\/tienda.laude.wine\\\/wp-content\\\/uploads\\\/vi-dolc-1.jpg&quot;},{&quot;id&quot;:12675,&quot;url&quot;:&quot;https:\\\/\\\/tienda.laude.wine\\\/wp-content\\\/uploads\\\/vi-blanc-1.jpg&quot;},{&quot;id&quot;:12670,&quot;url&quot;:&quot;https:\\\/\\\/tienda.laude.wine\\\/wp-content\\\/uploads\\\/vi-rosat-1.jpg&quot;}],&quot;background_slideshow_ken_burns&quot;:&quot;yes&quot;,&quot;background_slideshow_loop&quot;:&quot;yes&quot;,&quot;background_slideshow_slide_duration&quot;:5000,&quot;background_slideshow_slide_transition&quot;:&quot;fade&quot;,&quot;background_slideshow_transition_duration&quot;:500,&quot;background_slideshow_ken_burns_zoom_direction&quot;:&quot;in&quot;}\">\n\t\t\t\t\t\t\t<div class=\"elementor-background-overlay\"><\/div>\n\t\t\t\t\t\t\t<div class=\"elementor-container elementor-column-gap-default\">\n\t\t\t\t\t<div class=\"elementor-column elementor-col-100 elementor-top-column elementor-element elementor-element-46c9f00 elementor-invisible\" data-id=\"46c9f00\" data-element_type=\"column\" data-settings=\"{&quot;animation&quot;:&quot;fadeIn&quot;}\">\n\t\t\t<div class=\"elementor-widget-wrap elementor-element-populated\">\n\t\t\t\t\t\t<div class=\"elementor-element elementor-element-be0d61c elementor-widget elementor-widget-heading\" data-id=\"be0d61c\" data-element_type=\"widget\" data-widget_type=\"heading.default\">\n\t\t\t\t<div class=\"elementor-widget-container\">\n\t\t\t\t\t<h2 class=\"elementor-heading-title elementor-size-default\">POL\u00cdTICA DE CANCELACI\u00d3N<\/h2>\t\t\t\t<\/div>\n\t\t\t\t<\/div>\n\t\t\t\t<div class=\"elementor-element elementor-element-b0f43a9 elementor-view-default elementor-widget elementor-widget-icon\" data-id=\"b0f43a9\" data-element_type=\"widget\" data-widget_type=\"icon.default\">\n\t\t\t\t<div class=\"elementor-widget-container\">\n\t\t\t\t\t\t\t<div class=\"elementor-icon-wrapper\">\n\t\t\t<div class=\"elementor-icon\">\n\t\t\t<svg xmlns=\"http:\/\/www.w3.org\/2000\/svg\" id=\"Capa_1\" data-name=\"Capa 1\" viewBox=\"0 0 299.44 38.69\"><path d=\"M295.09,11c-9.27,9-31.68,13.56-52.15,15.66-26.3,2.44-47.34-.66-73.91-10C130.92,2.22,89.08.81,53.83,6.52c-21.18,3.55-44,10.07-50.91,20.27l2,.35c9.27-9,31.68-13.56,52.15-15.66,26.3-2.44,50.57-.86,75.16,8.41,39.41,17.8,78.7,17.48,114,11.77,21.18-3.55,44-10.07,50.91-20.27Z\"><\/path><\/svg>\t\t\t<\/div>\n\t\t<\/div>\n\t\t\t\t\t\t<\/div>\n\t\t\t\t<\/div>\n\t\t\t\t\t<\/div>\n\t\t<\/div>\n\t\t\t\t\t<\/div>\n\t\t<\/section>\n\t\t\t\t<section class=\"elementor-section elementor-top-section elementor-element elementor-element-0fabac4 elementor-section-boxed elementor-section-height-default elementor-section-height-default\" data-id=\"0fabac4\" data-element_type=\"section\">\n\t\t\t\t\t\t<div class=\"elementor-container elementor-column-gap-default\">\n\t\t\t\t\t<div class=\"elementor-column elementor-col-100 elementor-top-column elementor-element elementor-element-ca27b74\" data-id=\"ca27b74\" data-element_type=\"column\">\n\t\t\t<div class=\"elementor-widget-wrap elementor-element-populated\">\n\t\t\t\t\t\t<div class=\"elementor-element elementor-element-d76e277 elementor-widget elementor-widget-text-editor\" data-id=\"d76e277\" data-element_type=\"widget\" data-widget_type=\"text-editor.default\">\n\t\t\t\t<div class=\"elementor-widget-container\">\n\t\t\t\t\t\t\t\t\t<section class=\"politica-cancelaciones\">\n    <h2>\ud83d\udd04 <strong>POL\u00cdTICA DE CANCELACI\u00d3N Y DEVOLUCIONES<\/strong><\/h2>\n\n    <h3>\u274c Cancelaci\u00f3n de pedidos<\/h3>\n    <p>Puedes solicitar la cancelaci\u00f3n de tu pedido siempre que a\u00fan <strong>no haya sido enviado<\/strong>.<br>\n    Para hacerlo, escr\u00edbenos a: <a href=\"mailto:info@laude.wine\">info@laude.wine<\/a><\/p>\n    <p>Si el pedido ya ha sido enviado, se gestionar\u00e1 como una <strong>devoluci\u00f3n<\/strong>.<\/p>\n\n    <h3>\ud83d\udd01 Devoluciones<\/h3>\n    <p>Dispones de <strong>14 d\u00edas naturales<\/strong> desde la recepci\u00f3n del pedido para solicitar una devoluci\u00f3n, seg\u00fan la normativa vigente.<\/p>\n\n    <h4>Condiciones para aceptar una devoluci\u00f3n<\/h4>\n    <ul>\n        <li>El producto debe estar <strong>sin abrir, sin usar y en perfecto estado<\/strong>, con su embalaje original.<\/li>\n        <li>No aceptamos devoluciones de botellas abiertas o manipuladas.<\/li>\n        <li>Los gastos de env\u00edo de la devoluci\u00f3n corren a cargo del cliente, salvo error por parte de <strong>LAUDE.WINE<\/strong>.<\/li>\n    <\/ul>\n    <p>Para solicitar una devoluci\u00f3n: <a href=\"mailto:info@laude.wine\">info@laude.wine<\/a><\/p>\n\n    <h3>\u26a1 Devoluci\u00f3n por error o producto defectuoso<\/h3>\n    <p>Si recibes un producto <strong>incorrecto<\/strong> o <strong>defectuoso<\/strong>, LAUDE.WINE asumir\u00e1 los costes de recogida y reposici\u00f3n.<br>\n    Debes comunicarlo en un plazo m\u00e1ximo de <strong>48 horas<\/strong> desde la entrega.<\/p>\n<\/section>\t\t\t\t\t\t\t\t<\/div>\n\t\t\t\t<\/div>\n\t\t\t\t\t<\/div>\n\t\t<\/div>\n\t\t\t\t\t<\/div>\n\t\t<\/section>\n\t\t\t\t<section class=\"elementor-section elementor-top-section elementor-element elementor-element-7c53c2e elementor-section-height-min-height elementor-section-items-stretch elementor-section-content-middle elementor-section-boxed elementor-section-height-default\" data-id=\"7c53c2e\" data-element_type=\"section\" data-settings=\"{&quot;background_background&quot;:&quot;slideshow&quot;,&quot;background_slideshow_gallery&quot;:[{&quot;id&quot;:12671,&quot;url&quot;:&quot;https:\\\/\\\/tienda.laude.wine\\\/wp-content\\\/uploads\\\/copa-vi-negre-2-1.jpg&quot;},{&quot;id&quot;:12672,&quot;url&quot;:&quot;https:\\\/\\\/tienda.laude.wine\\\/wp-content\\\/uploads\\\/vermut-blur-scaled-1.jpg&quot;},{&quot;id&quot;:12673,&quot;url&quot;:&quot;https:\\\/\\\/tienda.laude.wine\\\/wp-content\\\/uploads\\\/copa-cava-1.jpg&quot;},{&quot;id&quot;:12674,&quot;url&quot;:&quot;https:\\\/\\\/tienda.laude.wine\\\/wp-content\\\/uploads\\\/vi-dolc-1.jpg&quot;},{&quot;id&quot;:12675,&quot;url&quot;:&quot;https:\\\/\\\/tienda.laude.wine\\\/wp-content\\\/uploads\\\/vi-blanc-1.jpg&quot;},{&quot;id&quot;:12670,&quot;url&quot;:&quot;https:\\\/\\\/tienda.laude.wine\\\/wp-content\\\/uploads\\\/vi-rosat-1.jpg&quot;}],&quot;background_slideshow_ken_burns&quot;:&quot;yes&quot;,&quot;background_slideshow_loop&quot;:&quot;yes&quot;,&quot;background_slideshow_slide_duration&quot;:5000,&quot;background_slideshow_slide_transition&quot;:&quot;fade&quot;,&quot;background_slideshow_transition_duration&quot;:500,&quot;background_slideshow_ken_burns_zoom_direction&quot;:&quot;in&quot;}\">\n\t\t\t\t\t\t\t<div class=\"elementor-background-overlay\"><\/div>\n\t\t\t\t\t\t\t<div class=\"elementor-container elementor-column-gap-default\">\n\t\t\t\t\t<div class=\"elementor-column elementor-col-100 elementor-top-column elementor-element elementor-element-ad83902 elementor-invisible\" data-id=\"ad83902\" data-element_type=\"column\" data-settings=\"{&quot;animation&quot;:&quot;fadeIn&quot;}\">\n\t\t\t<div class=\"elementor-widget-wrap elementor-element-populated\">\n\t\t\t\t\t\t<div class=\"elementor-element elementor-element-f943a85 elementor-widget elementor-widget-heading\" data-id=\"f943a85\" data-element_type=\"widget\" data-widget_type=\"heading.default\">\n\t\t\t\t<div class=\"elementor-widget-container\">\n\t\t\t\t\t<h2 class=\"elementor-heading-title elementor-size-default\">POL\u00cdTICA DE CANCELACI\u00d3N<\/h2>\t\t\t\t<\/div>\n\t\t\t\t<\/div>\n\t\t\t\t\t<\/div>\n\t\t<\/div>\n\t\t\t\t\t<\/div>\n\t\t<\/section>\n\t\t\t\t<\/div>\n\t\t","protected":false},"excerpt":{"rendered":"","protected":false},"author":35,"featured_media":0,"parent":0,"menu_order":0,"comment_status":"closed","ping_status":"closed","template":"","meta":{"footnotes":""},"class_list":["post-12676","page","type-page","status-publish","hentry"],"_links":{"self":[{"href":"https:\/\/tienda.laude.wine\/es\/wp-json\/wp\/v2\/pages\/12676","targetHints":{"allow":["GET"]}}],"collection":[{"href":"https:\/\/tienda.laude.wine\/es\/wp-json\/wp\/v2\/pages"}],"about":[{"href":"https:\/\/tienda.laude.wine\/es\/wp-json\/wp\/v2\/types\/page"}],"author":[{"embeddable":true,"href":"https:\/\/tienda.laude.wine\/es\/wp-json\/wp\/v2\/users\/35"}],"replies":[{"embeddable":true,"href":"https:\/\/tienda.laude.wine\/es\/wp-json\/wp\/v2\/comments?post=12676"}],"version-history":[{"count":3,"href":"https:\/\/tienda.laude.wine\/es\/wp-json\/wp\/v2\/pages\/12676\/revisions"}],"predecessor-version":[{"id":12679,"href":"https:\/\/tienda.laude.wine\/es\/wp-json\/wp\/v2\/pages\/12676\/revisions\/12679"}],"wp:attachment":[{"href":"https:\/\/tienda.laude.wine\/es\/wp-json\/wp\/v2\/media?parent=12676"}],"curies":[{"name":"wp","href":"https:\/\/api.w.org\/{rel}","templated":true}]}}