{"id":11060,"date":"2024-09-04T08:38:05","date_gmt":"2024-09-04T08:38:05","guid":{"rendered":"https:\/\/tienda.laude.wine\/terminos-y-condiciones\/"},"modified":"2025-11-11T11:13:22","modified_gmt":"2025-11-11T11:13:22","slug":"terminos-y-condiciones","status":"publish","type":"page","link":"https:\/\/tienda.laude.wine\/es\/terminos-y-condiciones\/","title":{"rendered":"T\u00e9rminos y condiciones"},"content":{"rendered":"\t\t<div data-elementor-type=\"wp-page\" data-elementor-id=\"11060\" class=\"elementor elementor-11060 elementor-14\" data-elementor-post-type=\"page\">\n\t\t\t\t\t\t<section class=\"elementor-section elementor-top-section elementor-element elementor-element-22f2524 elementor-section-height-min-height elementor-section-items-stretch elementor-section-content-middle elementor-section-boxed elementor-section-height-default\" data-id=\"22f2524\" data-element_type=\"section\" data-settings=\"{&quot;background_background&quot;:&quot;slideshow&quot;,&quot;background_slideshow_gallery&quot;:[{&quot;id&quot;:10873,&quot;url&quot;:&quot;https:\\\/\\\/tienda.laude.wine\\\/wp-content\\\/uploads\\\/copa-vi-negre-2.jpg&quot;},{&quot;id&quot;:10874,&quot;url&quot;:&quot;https:\\\/\\\/tienda.laude.wine\\\/wp-content\\\/uploads\\\/vermut-blur-scaled.jpg&quot;},{&quot;id&quot;:10875,&quot;url&quot;:&quot;https:\\\/\\\/tienda.laude.wine\\\/wp-content\\\/uploads\\\/copa-cava.jpg&quot;},{&quot;id&quot;:10876,&quot;url&quot;:&quot;https:\\\/\\\/tienda.laude.wine\\\/wp-content\\\/uploads\\\/vi-dolc.jpg&quot;},{&quot;id&quot;:10877,&quot;url&quot;:&quot;https:\\\/\\\/tienda.laude.wine\\\/wp-content\\\/uploads\\\/vi-blanc.jpg&quot;},{&quot;id&quot;:10872,&quot;url&quot;:&quot;https:\\\/\\\/tienda.laude.wine\\\/wp-content\\\/uploads\\\/vi-rosat.jpg&quot;}],&quot;background_slideshow_ken_burns&quot;:&quot;yes&quot;,&quot;background_slideshow_loop&quot;:&quot;yes&quot;,&quot;background_slideshow_slide_duration&quot;:5000,&quot;background_slideshow_slide_transition&quot;:&quot;fade&quot;,&quot;background_slideshow_transition_duration&quot;:500,&quot;background_slideshow_ken_burns_zoom_direction&quot;:&quot;in&quot;}\">\n\t\t\t\t\t\t\t<div class=\"elementor-background-overlay\"><\/div>\n\t\t\t\t\t\t\t<div class=\"elementor-container elementor-column-gap-default\">\n\t\t\t\t\t<div class=\"elementor-column elementor-col-100 elementor-top-column elementor-element elementor-element-51d9569 elementor-invisible\" data-id=\"51d9569\" data-element_type=\"column\" data-settings=\"{&quot;animation&quot;:&quot;fadeIn&quot;}\">\n\t\t\t<div class=\"elementor-widget-wrap elementor-element-populated\">\n\t\t\t\t\t\t<div class=\"elementor-element elementor-element-ed0eef3 elementor-widget elementor-widget-heading\" data-id=\"ed0eef3\" data-element_type=\"widget\" data-widget_type=\"heading.default\">\n\t\t\t\t<div class=\"elementor-widget-container\">\n\t\t\t\t\t<h2 class=\"elementor-heading-title elementor-size-default\">T\u00e9rminos y condiciones<\/h2>\t\t\t\t<\/div>\n\t\t\t\t<\/div>\n\t\t\t\t<div class=\"elementor-element elementor-element-dc8978e elementor-view-default elementor-widget elementor-widget-icon\" data-id=\"dc8978e\" data-element_type=\"widget\" data-widget_type=\"icon.default\">\n\t\t\t\t<div class=\"elementor-widget-container\">\n\t\t\t\t\t\t\t<div class=\"elementor-icon-wrapper\">\n\t\t\t<div class=\"elementor-icon\">\n\t\t\t<svg xmlns=\"http:\/\/www.w3.org\/2000\/svg\" id=\"Capa_1\" data-name=\"Capa 1\" viewBox=\"0 0 299.44 38.69\"><path d=\"M295.09,11c-9.27,9-31.68,13.56-52.15,15.66-26.3,2.44-47.34-.66-73.91-10C130.92,2.22,89.08.81,53.83,6.52c-21.18,3.55-44,10.07-50.91,20.27l2,.35c9.27-9,31.68-13.56,52.15-15.66,26.3-2.44,50.57-.86,75.16,8.41,39.41,17.8,78.7,17.48,114,11.77,21.18-3.55,44-10.07,50.91-20.27Z\"><\/path><\/svg>\t\t\t<\/div>\n\t\t<\/div>\n\t\t\t\t\t\t<\/div>\n\t\t\t\t<\/div>\n\t\t\t\t\t<\/div>\n\t\t<\/div>\n\t\t\t\t\t<\/div>\n\t\t<\/section>\n\t\t\t\t<section class=\"elementor-section elementor-top-section elementor-element elementor-element-f43bdef elementor-section-boxed elementor-section-height-default elementor-section-height-default\" data-id=\"f43bdef\" data-element_type=\"section\">\n\t\t\t\t\t\t<div class=\"elementor-container elementor-column-gap-default\">\n\t\t\t\t\t<div class=\"elementor-column elementor-col-100 elementor-top-column elementor-element elementor-element-705d10b\" data-id=\"705d10b\" data-element_type=\"column\">\n\t\t\t<div class=\"elementor-widget-wrap elementor-element-populated\">\n\t\t\t\t\t\t<div class=\"elementor-element elementor-element-0af3a51 elementor-widget elementor-widget-text-editor\" data-id=\"0af3a51\" data-element_type=\"widget\" data-widget_type=\"text-editor.default\">\n\t\t\t\t<div class=\"elementor-widget-container\">\n\t\t\t\t\t\t\t\t\t<h2 data-start=\"204\" data-end=\"225\">Informaci\u00f3n General<\/h2><p data-start=\"226\" data-end=\"343\">Los clientes tienen la posibilidad de realizar todos sus pedidos a trav\u00e9s de la p\u00e1gina web: <strong data-start=\"325\" data-end=\"340\">monvins.cat<\/strong>.<\/p><p data-start=\"345\" data-end=\"581\">Cada cliente declara tener plena capacidad para utilizar tarjetas de cr\u00e9dito y que \u00e9stas cuentan con fondos suficientes para cubrir todos los costes derivados de la compra de productos a trav\u00e9s de <strong data-start=\"537\" data-end=\"578\">Monvins Seleccions Gastronomiques, SL<\/strong>.<\/p><p data-start=\"583\" data-end=\"734\">Al apretar el bot\u00f3n <strong data-start=\"601\" data-end=\"612\">\u00abPagar\u00bb<\/strong> durante el proceso de compra, el cliente acepta plenamente y sin reservas todas las presentes condiciones generales de venta.<\/p><p data-start=\"736\" data-end=\"996\">Los datos <strong data-start=\"762\" data-end=\"803\">registrados por Monvins Seleccions Gastronomiques, SL<\/strong> constituyen prueba de las transacciones realizadas entre la empresa y los miembros de su Comunidad Privada. La empresa confirmar\u00e1 cada pedido mediante el env\u00edo de un correo electr\u00f3nico. <\/p><p data-start=\"998\" data-end=\"1392\">Los precios de los productos incluyen todos los impuestos, pero no incluyen los gastos de transporte. <strong data-start=\"1095\" data-end=\"1136\">Monvins Seleccions Gastronomiques, SL<\/strong> se reserva el derecho de modificar sus precios en cualquier momento; sin embargo, los productos se facturar\u00e1n seg\u00fan las tarifas vigentes al momento del registro del pedido (sujeto a la disponibilidad del producto), excepto errores tipogr\u00e1ficos evidentes.<\/p><p data-start=\"1394\" data-end=\"1500\">Los productos permanecer\u00e1n en propiedad del proveedor hasta que se haya realizado el pago completo del precio.<\/p><p data-start=\"1502\" data-end=\"1643\"><strong data-start=\"1502\" data-end=\"1543\">Monvins Seleccions Gastronomiques, SL<\/strong> se reserva el derecho a rechazar un pedido de cualquier cliente con el que tenga un litigio pendiente.<\/p><h2 data-start=\"1650\" data-end=\"1667\"> <\/h2><h2 data-start=\"1650\" data-end=\"1667\">Disponibilidad<\/h2><p data-start=\"1668\" data-end=\"1795\"><strong data-start=\"1668\" data-end=\"1709\">Monvins Seleccions Gastronomiques, SL<\/strong> har\u00e1 todo lo posible para satisfacer la demanda de productos de todos sus clientes.<\/p><p data-start=\"1797\" data-end=\"1964\">En caso de falta de disponibilidad despu\u00e9s de realizar el pedido, el cliente ser\u00e1 informado por correo electr\u00f3nico y podr\u00e1 optar por modificar o cancelar el pedido.<\/p><p data-start=\"1966\" data-end=\"2145\">Los plazos de devoluci\u00f3n a la cuenta bancaria del cliente depender\u00e1n del tipo de tarjeta y de las condiciones de cada entidad bancaria, seg\u00fan se detalla en la secci\u00f3n <strong data-start=\"2128\" data-end=\"2144\">\u00abEntrega\u00bb<\/strong>.<\/p><h2 data-start=\"2152\" data-end=\"2163\"> <\/h2><h2 data-start=\"2152\" data-end=\"2163\">Pago<\/h2><h3 data-start=\"2165\" data-end=\"2189\">Pago con tarjeta<\/h3><p data-start=\"2190\" data-end=\"2444\">El pago se realiza con tarjeta bancaria (Visa y MasterCard). El importe se cargar\u00e1 a la cuenta del cliente en un plazo m\u00e1ximo de 4 d\u00edas desde la fecha del pedido y se considerar\u00e1 efectivo tras la confirmaci\u00f3n de los centros de pago bancario. <\/p><p data-start=\"2446\" data-end=\"2615\">Si la TPV (Terminal Punto de Venta) informa de la denegaci\u00f3n de la tarjeta, el pedido se cancelar\u00e1 autom\u00e1ticamente y el cliente ser\u00e1 informado online de esta anulaci\u00f3n.<\/p><h3 data-start=\"2617\" data-end=\"2643\">Transferencia bancaria<\/h3><ul data-start=\"2644\" data-end=\"2748\"><li data-start=\"2644\" data-end=\"2684\"><p data-start=\"2646\" data-end=\"2684\">Sin coste adicional para el cliente.<\/p><\/li><li data-start=\"2685\" data-end=\"2748\"><p data-start=\"2687\" data-end=\"2748\">Las devoluciones se cargar\u00e1n a la cuenta indicada por el cliente.<\/p><\/li><\/ul><p data-start=\"2750\" data-end=\"2805\">Para realizar el pago de una factura hay que incluir:<\/p><ol data-start=\"2806\" data-end=\"3070\"><li data-start=\"2806\" data-end=\"2829\"><p data-start=\"2809\" data-end=\"2829\">N\u00famero de factura.<\/p><\/li><li data-start=\"2830\" data-end=\"2875\"><p data-start=\"2833\" data-end=\"2875\">Nombre de la persona que realiza el ingreso.<\/p><\/li><li data-start=\"2876\" data-end=\"2977\"><p data-start=\"2879\" data-end=\"2977\">Ingreso dirigido a <strong data-start=\"2896\" data-end=\"2937\">Monvins Seleccions Gastronomiques, SL<\/strong> en la cuenta proporcionada por la empresa.<\/p><\/li><li data-start=\"2978\" data-end=\"3070\"><p data-start=\"2981\" data-end=\"3070\">Enviar el comprobante al email <strong data-start=\"3012\" data-end=\"3031\"><a class=\"decorated-link cursor-pointer\" rel=\"noopener\" data-start=\"3014\" data-end=\"3029\">info@laude.wine<\/a><\/strong> con el asunto: \u00abComprobante de ingreso\u00bb.<\/p><\/li><\/ol><h2 data-start=\"3077\" data-end=\"3089\"> <\/h2><h2 data-start=\"3077\" data-end=\"3089\">Seguridad<\/h2><p data-start=\"3090\" data-end=\"3194\"><strong data-start=\"3090\" data-end=\"3131\">Monvins Seleccions Gastronomiques, SL<\/strong> utiliza un sistema de pago seguro con tarjeta de cr\u00e9dito.<\/p><p data-start=\"3196\" data-end=\"3363\">Los datos bancarios se encriptan y se transmiten de manera segura a los servidores de la entidad bancaria, verific\u00f3 con el banco emisor para prevenir posibles fraudes.<\/p><p data-start=\"3365\" data-end=\"3546\">La tecnolog\u00eda SSL (Secure Socket Layer) de 128 bits garantiza que ning\u00fan tercero pueda acceder a los datos bancarios introducidos por el cliente. S\u00f3lo el banco tiene acceso a esta informaci\u00f3n. <\/p><h2 data-start=\"3553\" data-end=\"3566\"> <\/h2><h2 data-start=\"3553\" data-end=\"3566\">Entrega<\/h2><p data-start=\"3567\" data-end=\"3713\"><strong data-start=\"3567\" data-end=\"3608\">Monvins Seleccions Gastronomiques, SL<\/strong> entregar\u00e1 los productos a trav\u00e9s de la empresa de mensajer\u00eda MAILBOXES, a la direcci\u00f3n indicada por el cliente.<\/p><p data-start=\"3715\" data-end=\"3773\">Los gastos de transporte corren a cargo del comprador.<\/p><p data-start=\"3775\" data-end=\"3985\">El pedido estar\u00e1 disponible en <strong data-start=\"3806\" data-end=\"3847\">Monvins Seleccions Gastronomiques, SL<\/strong> una vez confirmado el pago y podr\u00e1 visualizarse mediante el enlace <strong data-start=\"3924\" data-end=\"3945\">\u00abMi pedido\u00bb<\/strong>, incluyendo gastos de env\u00edo e IVA.<\/p><p data-start=\"3987\" data-end=\"4126\">El cliente debe indicar el lugar de entrega (domicilio, oficina o centro) y el plazo de entrega oscila entre 24 y 72 horas h\u00e1biles.<\/p><p data-start=\"4128\" data-end=\"4349\">Cada entrega se considera efectuada cuando el transportista pone el producto a disposici\u00f3n del cliente. El destinatario debe comprobar el pedido y comunicar cualquier incidencia a <strong data-start=\"4307\" data-end=\"4348\">Monvins Seleccions Gastronomiques, SL<\/strong>. <\/p><h2 data-start=\"4356\" data-end=\"4370\"> <\/h2><h2 data-start=\"4356\" data-end=\"4370\">Devoluciones<\/h2><ul data-start=\"4371\" data-end=\"5093\"><li data-start=\"4371\" data-end=\"4501\"><p data-start=\"4373\" data-end=\"4501\">Los productos pueden devolverse en un plazo de 7 d\u00edas desde su recepci\u00f3n, seg\u00fan la Ley de Comercio Minorista espa\u00f1ola.<\/p><\/li><li data-start=\"4502\" data-end=\"4579\"><p data-start=\"4504\" data-end=\"4579\">El cliente debe comunicar la intenci\u00f3n de devoluci\u00f3n por correo electr\u00f3nico.<\/p><\/li><li data-start=\"4580\" data-end=\"4637\"><p data-start=\"4582\" data-end=\"4637\">Los gastos de devoluci\u00f3n corren a cargo del cliente.<\/p><\/li><li data-start=\"4638\" data-end=\"4773\"><p data-start=\"4640\" data-end=\"4773\">El reembolso se har\u00e1 en un plazo de 7 d\u00edas desde la recepci\u00f3n de la mercanc\u00eda por <strong data-start=\"4729\" data-end=\"4770\">Monvins Seleccions Gastronomiques, SL<\/strong>.<\/p><\/li><li data-start=\"4774\" data-end=\"4862\"><p data-start=\"4776\" data-end=\"4862\">La devoluci\u00f3n no ser\u00e1 aceptada si los productos muestran signos de uso o est\u00e1n da\u00f1ados.<\/p><\/li><li data-start=\"4863\" data-end=\"4992\"><p data-start=\"4865\" data-end=\"4992\">Los productos deben devolverse correctamente protegidos, en su embalaje original, con todos los accesorios e instrucciones.<\/p><\/li><li data-start=\"4993\" data-end=\"5093\"><p data-start=\"4995\" data-end=\"5093\">Las devoluciones sin identificaci\u00f3n (sin n\u00famero de pedido, nombre o direcci\u00f3n) no ser\u00e1n aceptadas.<\/p><\/li><\/ul><p data-start=\"5095\" data-end=\"5311\"><strong data-start=\"5095\" data-end=\"5136\">Monvins Seleccions Gastronomiques, SL<\/strong> verificar\u00e1 el estado del producto antes de reembolsar el importe pagado, descontando los gastos de env\u00edo. El cliente recibir\u00e1 un correo electr\u00f3nico con el importe del reembolso. <\/p><h2 data-start=\"5318\" data-end=\"5329\"> <\/h2><h2 data-start=\"5318\" data-end=\"5329\">Garant\u00eda<\/h2><p data-start=\"5330\" data-end=\"5436\">Las garant\u00edas y servicios postventa se rigen por el <strong data-start=\"5380\" data-end=\"5414\">Real Decreto Legislativo 1\/2007<\/strong>, de 16 de noviembre.<\/p><p data-start=\"5438\" data-end=\"5570\">El vendedor entregar\u00e1 productos conformes al contrato y responder por cualquier falta de conformidad. El consumidor tiene derecho a: <\/p><ul data-start=\"5571\" data-end=\"5664\"><li data-start=\"5571\" data-end=\"5598\"><p data-start=\"5573\" data-end=\"5598\">Reparaci\u00f3n del producto.<\/p><\/li><li data-start=\"5599\" data-end=\"5615\"><p data-start=\"5601\" data-end=\"5615\">Sustituci\u00f3n.<\/p><\/li><li data-start=\"5616\" data-end=\"5637\"><p data-start=\"5618\" data-end=\"5637\">Rebaja del precio.<\/p><\/li><li data-start=\"5638\" data-end=\"5664\"><p data-start=\"5640\" data-end=\"5664\">Resoluci\u00f3n del contrato.<\/p><\/li><\/ul><h2 data-start=\"5671\" data-end=\"5721\"> <\/h2><h2 data-start=\"5671\" data-end=\"5721\">Responsabilidad, Litigios y Legislaci\u00f3n<\/h2><p data-start=\"5722\" data-end=\"5816\"><strong data-start=\"5722\" data-end=\"5763\">Monvins Seleccions Gastronomiques, SL<\/strong> no ser\u00e1 responsable por incumplimientos derivados de:<\/p><ul data-start=\"5817\" data-end=\"5959\"><li data-start=\"5817\" data-end=\"5863\"><p data-start=\"5819\" data-end=\"5863\">Ruptura de stock o falta de disponibilidad.<\/p><\/li><li data-start=\"5864\" data-end=\"5931\"><p data-start=\"5866\" data-end=\"5931\">Fuerza mayor, alteraciones o huelgas de transporte y comunicaciones.<\/p><\/li><li data-start=\"5932\" data-end=\"5959\"><p data-start=\"5934\" data-end=\"5959\">Inundaciones o incendios.<\/p><\/li><\/ul><p data-start=\"5961\" data-end=\"6078\">En caso de litigio, el cliente debe buscar primero una soluci\u00f3n amistosa con <strong data-start=\"6034\" data-end=\"6075\">Monvins Seleccions Gastronomiques, SL<\/strong>.<\/p><p data-start=\"6080\" data-end=\"6210\">Los tribunales de Tarragona tienen competencia exclusiva. Las condiciones se interpretar\u00e1n seg\u00fan la legislaci\u00f3n espa\u00f1ola y en catal\u00e1n. <\/p><h2 data-start=\"6217\" data-end=\"6267\"> <\/h2><h2 data-start=\"6217\" data-end=\"6267\">Modificaci\u00f3n de las Condiciones Generales de Venta<\/h2><p data-start=\"6268\" data-end=\"6437\"><strong data-start=\"6268\" data-end=\"6309\">Monvins Seleccions Gastronomiques, SL<\/strong> se reserva el derecho de modificar estas condiciones sin previo aviso, pudiendo cambiar, suprimir o a\u00f1adir contenidos y servicios.<\/p><p data-start=\"6439\" data-end=\"6516\">Los usuarios deben aceptar los cambios cada vez que realicen una compra.<\/p><p data-start=\"6518\" data-end=\"6674\">Los miembros que no est\u00e9n conformes con las modificaciones deben dejar de hacer uso de los servicios a partir de la fecha de entrada en vigor de la nueva versi\u00f3n.<\/p><p data-start=\"6676\" data-end=\"6810\">Cualquier cl\u00e1usula ilegal o inaplicable ser\u00e1 considerada nula seg\u00fan el C\u00f3digo Civil espa\u00f1ol, aplic\u00e1ndose lo que acuerden las partes.<\/p><h3 data-start=\"6817\" data-end=\"6839\"> <\/h3><h3 data-start=\"6817\" data-end=\"6839\">Datos de la empresa<\/h3><ul data-start=\"6840\" data-end=\"7024\"><li data-start=\"6840\" data-end=\"6890\"><p data-start=\"6842\" data-end=\"6890\"><strong data-start=\"6842\" data-end=\"6850\">Nombre:<\/strong> Monvins Seleccions Gastronomiques, SL<\/p><\/li><li data-start=\"6891\" data-end=\"6913\"><p data-start=\"6893\" data-end=\"6913\"><strong data-start=\"6893\" data-end=\"6901\">NIF:<\/strong> B55696975<\/p><\/li><li data-start=\"6914\" data-end=\"6993\"><p data-start=\"6916\" data-end=\"6993\"><strong data-start=\"6916\" data-end=\"6927\">Direcci\u00f3n:<\/strong> Calle Gandhi, 7 &#8211; Piso 2 A, La Selva Del Camp, 43470, Tarragona<\/p><\/li><li data-start=\"6994\" data-end=\"7024\"><p data-start=\"6996\" data-end=\"7024\"><strong data-start=\"6996\" data-end=\"7006\">Email:<\/strong> <a class=\"decorated-link cursor-pointer\" rel=\"noopener\" data-start=\"7007\" data-end=\"7022\">info@laude.wine<\/a><\/p><\/li><\/ul>\t\t\t\t\t\t\t\t<\/div>\n\t\t\t\t<\/div>\n\t\t\t\t\t<\/div>\n\t\t<\/div>\n\t\t\t\t\t<\/div>\n\t\t<\/section>\n\t\t\t\t<\/div>\n\t\t","protected":false},"excerpt":{"rendered":"<p>Informaci\u00f3n General Los clientes tienen la posibilidad de realizar todos sus pedidos a trav\u00e9s de la p\u00e1gina web: monvins.cat. Cada cliente declara tener plena capacidad para utilizar tarjetas de cr\u00e9dito y que \u00e9stas cuentan con fondos suficientes para cubrir todos los costes derivados de la compra de productos a trav\u00e9s de Monvins Seleccions Gastronomiques, SL. [&hellip;]<\/p>\n","protected":false},"author":35,"featured_media":0,"parent":0,"menu_order":0,"comment_status":"closed","ping_status":"closed","template":"","meta":{"footnotes":""},"class_list":["post-11060","page","type-page","status-publish","hentry"],"_links":{"self":[{"href":"https:\/\/tienda.laude.wine\/es\/wp-json\/wp\/v2\/pages\/11060","targetHints":{"allow":["GET"]}}],"collection":[{"href":"https:\/\/tienda.laude.wine\/es\/wp-json\/wp\/v2\/pages"}],"about":[{"href":"https:\/\/tienda.laude.wine\/es\/wp-json\/wp\/v2\/types\/page"}],"author":[{"embeddable":true,"href":"https:\/\/tienda.laude.wine\/es\/wp-json\/wp\/v2\/users\/35"}],"replies":[{"embeddable":true,"href":"https:\/\/tienda.laude.wine\/es\/wp-json\/wp\/v2\/comments?post=11060"}],"version-history":[{"count":1,"href":"https:\/\/tienda.laude.wine\/es\/wp-json\/wp\/v2\/pages\/11060\/revisions"}],"predecessor-version":[{"id":11062,"href":"https:\/\/tienda.laude.wine\/es\/wp-json\/wp\/v2\/pages\/11060\/revisions\/11062"}],"wp:attachment":[{"href":"https:\/\/tienda.laude.wine\/es\/wp-json\/wp\/v2\/media?parent=11060"}],"curies":[{"name":"wp","href":"https:\/\/api.w.org\/{rel}","templated":true}]}}