{"id":11034,"date":"2024-11-01T20:51:02","date_gmt":"2024-11-01T20:51:02","guid":{"rendered":"https:\/\/tienda.laude.wine\/politica-de-privacidad\/"},"modified":"2025-11-11T11:13:17","modified_gmt":"2025-11-11T11:13:17","slug":"politica-de-privacidad","status":"publish","type":"page","link":"https:\/\/tienda.laude.wine\/es\/politica-de-privacidad\/","title":{"rendered":"Pol\u00edtica de Privacidad"},"content":{"rendered":"\t\t<div data-elementor-type=\"wp-page\" data-elementor-id=\"11034\" class=\"elementor elementor-11034 elementor-1236\" data-elementor-post-type=\"page\">\n\t\t\t\t\t\t<section class=\"elementor-section elementor-top-section elementor-element elementor-element-3e896ad elementor-section-height-min-height elementor-section-items-stretch elementor-section-content-middle elementor-section-boxed elementor-section-height-default\" data-id=\"3e896ad\" data-element_type=\"section\" data-settings=\"{&quot;background_background&quot;:&quot;slideshow&quot;,&quot;background_slideshow_gallery&quot;:[{&quot;id&quot;:10873,&quot;url&quot;:&quot;https:\\\/\\\/tienda.laude.wine\\\/wp-content\\\/uploads\\\/copa-vi-negre-2.jpg&quot;},{&quot;id&quot;:10874,&quot;url&quot;:&quot;https:\\\/\\\/tienda.laude.wine\\\/wp-content\\\/uploads\\\/vermut-blur-scaled.jpg&quot;},{&quot;id&quot;:10875,&quot;url&quot;:&quot;https:\\\/\\\/tienda.laude.wine\\\/wp-content\\\/uploads\\\/copa-cava.jpg&quot;},{&quot;id&quot;:10876,&quot;url&quot;:&quot;https:\\\/\\\/tienda.laude.wine\\\/wp-content\\\/uploads\\\/vi-dolc.jpg&quot;},{&quot;id&quot;:10877,&quot;url&quot;:&quot;https:\\\/\\\/tienda.laude.wine\\\/wp-content\\\/uploads\\\/vi-blanc.jpg&quot;},{&quot;id&quot;:10872,&quot;url&quot;:&quot;https:\\\/\\\/tienda.laude.wine\\\/wp-content\\\/uploads\\\/vi-rosat.jpg&quot;}],&quot;background_slideshow_ken_burns&quot;:&quot;yes&quot;,&quot;background_slideshow_loop&quot;:&quot;yes&quot;,&quot;background_slideshow_slide_duration&quot;:5000,&quot;background_slideshow_slide_transition&quot;:&quot;fade&quot;,&quot;background_slideshow_transition_duration&quot;:500,&quot;background_slideshow_ken_burns_zoom_direction&quot;:&quot;in&quot;}\">\n\t\t\t\t\t\t\t<div class=\"elementor-background-overlay\"><\/div>\n\t\t\t\t\t\t\t<div class=\"elementor-container elementor-column-gap-default\">\n\t\t\t\t\t<div class=\"elementor-column elementor-col-100 elementor-top-column elementor-element elementor-element-994477c elementor-invisible\" data-id=\"994477c\" data-element_type=\"column\" data-settings=\"{&quot;animation&quot;:&quot;fadeIn&quot;}\">\n\t\t\t<div class=\"elementor-widget-wrap elementor-element-populated\">\n\t\t\t\t\t\t<div class=\"elementor-element elementor-element-360c5b2 elementor-widget elementor-widget-heading\" data-id=\"360c5b2\" data-element_type=\"widget\" data-widget_type=\"heading.default\">\n\t\t\t\t<div class=\"elementor-widget-container\">\n\t\t\t\t\t<h2 class=\"elementor-heading-title elementor-size-default\">Pol\u00edtica de Privacidad<\/h2>\t\t\t\t<\/div>\n\t\t\t\t<\/div>\n\t\t\t\t<div class=\"elementor-element elementor-element-9ee3f9d elementor-view-default elementor-widget elementor-widget-icon\" data-id=\"9ee3f9d\" data-element_type=\"widget\" data-widget_type=\"icon.default\">\n\t\t\t\t<div class=\"elementor-widget-container\">\n\t\t\t\t\t\t\t<div class=\"elementor-icon-wrapper\">\n\t\t\t<div class=\"elementor-icon\">\n\t\t\t<svg xmlns=\"http:\/\/www.w3.org\/2000\/svg\" id=\"Capa_1\" data-name=\"Capa 1\" viewBox=\"0 0 299.44 38.69\"><path d=\"M295.09,11c-9.27,9-31.68,13.56-52.15,15.66-26.3,2.44-47.34-.66-73.91-10C130.92,2.22,89.08.81,53.83,6.52c-21.18,3.55-44,10.07-50.91,20.27l2,.35c9.27-9,31.68-13.56,52.15-15.66,26.3-2.44,50.57-.86,75.16,8.41,39.41,17.8,78.7,17.48,114,11.77,21.18-3.55,44-10.07,50.91-20.27Z\"><\/path><\/svg>\t\t\t<\/div>\n\t\t<\/div>\n\t\t\t\t\t\t<\/div>\n\t\t\t\t<\/div>\n\t\t\t\t\t<\/div>\n\t\t<\/div>\n\t\t\t\t\t<\/div>\n\t\t<\/section>\n\t\t\t\t<section class=\"elementor-section elementor-top-section elementor-element elementor-element-285544f elementor-section-boxed elementor-section-height-default elementor-section-height-default\" data-id=\"285544f\" data-element_type=\"section\">\n\t\t\t\t\t\t<div class=\"elementor-container elementor-column-gap-default\">\n\t\t\t\t\t<div class=\"elementor-column elementor-col-100 elementor-top-column elementor-element elementor-element-4414227\" data-id=\"4414227\" data-element_type=\"column\">\n\t\t\t<div class=\"elementor-widget-wrap elementor-element-populated\">\n\t\t\t\t\t\t<div class=\"elementor-element elementor-element-9295d1f elementor-widget elementor-widget-text-editor\" data-id=\"9295d1f\" data-element_type=\"widget\" data-widget_type=\"text-editor.default\">\n\t\t\t\t<div class=\"elementor-widget-container\">\n\t\t\t\t\t\t\t\t\t<h2><b>Condiciones generales<\/b><\/h2><p>Somos conscientes del valor de su informaci\u00f3n personal y por eso nos esforzamos en proteger la privacidad de nuestros usuarios.<\/p><p>De conformidad con lo establecido en el Reglamento de la UE 2016\/679 (desde ahora RGPD) de 27 de abril de 2016, relativo a la protecci\u00f3n de las personas f\u00edsicas en cuanto al tratamiento de datos personales y a la libre circulaci\u00f3n de estos datos, le informamos que todos los datos personales facilitados, as\u00ed como su direcci\u00f3n de correo electr\u00f3nico ser\u00e1n tratados de conformidad con el art\u00edculo 13 del citado Reglamento con el fin de permitir conocer nuestra pol\u00edtica de privacidad, comprender c\u00f3mo se trata su informaci\u00f3n personal cuando navega en nuestra web y, en su caso, dar su consentimiento para el tratamiento de sus datos personales de forma expresa e informada.<\/p><p>La informaci\u00f3n y los datos facilitados por usted ser\u00e1n tratados de conformidad con las disposiciones del RGPD y se basar\u00e1 en los principios de legalidad, equidad, transparencia, limitaci\u00f3n de la finalidad del tratamiento, minimizaci\u00f3n de los datos, exactitud, integridad y confidencialidad.<\/p><p>El responsable del tratamiento de sus datos es <span style=\"caret-color: #717371; color: #717371; font-family: 'Open Sans', sans-serif; font-size: 14px; text-size-adjust: auto;\"><b>Monvins Seleccions Gastronomiques, SL<\/b><\/span>, con domicilio social en la calle <span style=\"caret-color: #717371; color: #717371; font-family: 'Open Sans', sans-serif; font-size: 14px; text-transform: capitalize; text-size-adjust: auto;\"><b>Calle Gandhi, 7 &#8211; Piso 2 A, La Selva Del Camp, 43470, Tarragona<\/b><\/span>.<\/p><p>Le informamos que trataremos \u00fanicamente los datos personales que sean estrictamente necesarios para la correcta navegaci\u00f3n por la web y para mejorar la experiencia del usuario. Tambi\u00e9n le informamos que los datos recogidos pueden ser utilizados por el env\u00edo de comunicaciones comerciales que puedan ser de su inter\u00e9s. <\/p><p>Podr\u00e1 ejercer el derecho de oposici\u00f3n a recibir estos comunicados enviando un correo electr\u00f3nico a la direcci\u00f3n <b>info@laude.wine<\/b> con el asunto: Baja de la lista de distribuci\u00f3n<\/p><p>En cualquier momento, podr\u00e1 ejercitar los derechos de acceso, rectificaci\u00f3n, limitaci\u00f3n, cancelaci\u00f3n y portabilidad respecto a sus datos personales mediante comunicaci\u00f3n a la direcci\u00f3n de mail especificado anteriormente.<\/p><p>El ejercicio de derechos deber\u00e1 ser realizado por el propio usuario. No obstante, podr\u00e1n ser ejecutados por una persona autorizada como representante legal del autorizado. En este caso, se deber\u00e1 aportar la documentaci\u00f3n que acredite esta representaci\u00f3n de la persona interesada.  <\/p><p> <\/p><h2><b>Finalidades del tratamiento<\/b><\/h2><p>La finalidad de la recogida e incorporaci\u00f3n de los datos, con su consentimiento expreso, tiene las siguientes finalidades:<\/p><ul><li>\u2022 Env\u00edo de comunicaciones comerciales sobre productos y servicios.<\/li><li>\u2022 Gesti\u00f3n comercial y administrativa de los clientes.<\/li><li>\u2022 Recogida y publicaci\u00f3n de valoraciones sobres productos y servicios.<\/li><li>\u2022 Responder a las solicitudes de informaci\u00f3n de los clientes.<\/li><li>\u2022 An\u00e1lisis de usabilidad de la p\u00e1gina web para la mejora de nuestros servicios.<\/li><li>\u2022 Elaboraci\u00f3n de perfiles comerciales de los usuarios.<\/li><\/ul><p>Si un usuario considera que hay un problema con la forma en que se est\u00e1n usando sus datos, puede dirigir sus reclamaciones al responsable de seguridad o a la autoridad de protecci\u00f3n de datos que corresponda, siendo la Agencia Espa\u00f1ola de Protecci\u00f3n de Datos la indicada en el caso de Espa\u00f1a.<b> <\/b><\/p><p><b> <\/b><\/p><h2><b>Conservaci\u00f3n de los Datos<\/b><\/h2><p>Los datos desagregados ser\u00e1n conservados sin plazo de supresi\u00f3n. En cuanto a los datos de clientes, el periodo de conservaci\u00f3n de los datos personales variar\u00e1 en funci\u00f3n del servicio que el cliente contrate. En cualquier caso, ser\u00e1 el m\u00ednimo necesario, y puede mantenerse hasta 10 a\u00f1os.  <\/p><p>Los usuarios de listas de correo o los enviados directamente por la empresa a p\u00e1ginas o perfiles de redes sociales se conservar\u00e1n hasta que el usuario retire el consentimiento o finalice la contrataci\u00f3n de los servicios.<\/p><p>Los datos de candidatos que env\u00eden su curr\u00edculum vitae, ser\u00e1n almacenados durante un m\u00e1ximo de dos a\u00f1os para incorporarlo a futuras convocatorias, salvo que el candidato se manifieste en contra.<\/p><p> <\/p><h2><b>Comunicaci\u00f3n de Informaci\u00f3n a Terceros<\/b><\/h2><p>No cederemos ni comunicaremos a terceros sus datos, excepto en los casos legalmente previstos o cuando la prestaci\u00f3n de un servicio implique la necesidad de una relaci\u00f3n contractual con un encargado de tratamiento, y siempre de acuerdo con las condiciones generales aprobadas por el usuario con anterioridad a la contrataci\u00f3n de \u00e9l mismo.<\/p><p>As\u00ed, al contratar nuestros servicios, el usuario acepta que alguno de los mismos puedan ser, total o parcialmente, subcontratados a otras personas o empresas, que tendr\u00e1n la consideraci\u00f3n de Encargados del Tratamiento, con los que se ha convenido el correspondiente contrato de confidencialidad, o adherido a sus pol\u00edticas de privacidad, establecidas en sus respectivas p\u00e1ginas web.<\/p><p>Tambi\u00e9n acepta que algunos de los datos personales recogidos sean facilitados a estos Encargados del Tratamiento, cuando sea necesario para la efectiva realizaci\u00f3n del servicio contratado. El usuario podr\u00e1 negarse a la cesi\u00f3n de sus datos a los encargados del Tratamiento, mediante petici\u00f3n escrita, por cualquiera de los medios anteriormente referenciados. <\/p><p> <\/p><h2><b>Confidencialidad<\/b><\/h2><p>La informaci\u00f3n suministrada por el cliente tendr\u00e1, en todo caso, la consideraci\u00f3n de confidencial, sin que pueda ser utilizada para otros fines que los relacionados con los servicios contratados o productos adquiridos. Del mismo modo nos obligamos a no divulgar ni revelar informaci\u00f3n sobre las pretensiones del cliente, los motivos del asesoramiento solicitado o la duraci\u00f3n de su relaci\u00f3n con el mismo. <\/p><p>Esta pol\u00edtica de privacidad y de protecci\u00f3n de datos podr\u00e1 variar en funci\u00f3n de los cambios de normativa y jurisprudencia que se vayan produciendo, y es responsabilidad del titular de los datos la lectura del documento actualizado, con vistas a conocer sus derechos y obligaciones.<\/p>\t\t\t\t\t\t\t\t<\/div>\n\t\t\t\t<\/div>\n\t\t\t\t\t<\/div>\n\t\t<\/div>\n\t\t\t\t\t<\/div>\n\t\t<\/section>\n\t\t\t\t<\/div>\n\t\t","protected":false},"excerpt":{"rendered":"<p>Condiciones generales Somos conscientes del valor de su informaci\u00f3n personal y por eso nos esforzamos en proteger la privacidad de nuestros usuarios. De conformidad con lo establecido en el Reglamento de la UE 2016\/679 (desde ahora RGPD) de 27 de abril de 2016, relativo a la protecci\u00f3n de las personas f\u00edsicas en cuanto al tratamiento [&hellip;]<\/p>\n","protected":false},"author":35,"featured_media":0,"parent":0,"menu_order":0,"comment_status":"closed","ping_status":"closed","template":"","meta":{"footnotes":""},"class_list":["post-11034","page","type-page","status-publish","hentry"],"_links":{"self":[{"href":"https:\/\/tienda.laude.wine\/es\/wp-json\/wp\/v2\/pages\/11034","targetHints":{"allow":["GET"]}}],"collection":[{"href":"https:\/\/tienda.laude.wine\/es\/wp-json\/wp\/v2\/pages"}],"about":[{"href":"https:\/\/tienda.laude.wine\/es\/wp-json\/wp\/v2\/types\/page"}],"author":[{"embeddable":true,"href":"https:\/\/tienda.laude.wine\/es\/wp-json\/wp\/v2\/users\/35"}],"replies":[{"embeddable":true,"href":"https:\/\/tienda.laude.wine\/es\/wp-json\/wp\/v2\/comments?post=11034"}],"version-history":[{"count":1,"href":"https:\/\/tienda.laude.wine\/es\/wp-json\/wp\/v2\/pages\/11034\/revisions"}],"predecessor-version":[{"id":11035,"href":"https:\/\/tienda.laude.wine\/es\/wp-json\/wp\/v2\/pages\/11034\/revisions\/11035"}],"wp:attachment":[{"href":"https:\/\/tienda.laude.wine\/es\/wp-json\/wp\/v2\/media?parent=11034"}],"curies":[{"name":"wp","href":"https:\/\/api.w.org\/{rel}","templated":true}]}}