{"id":11027,"date":"2024-11-01T20:53:47","date_gmt":"2024-11-01T20:53:47","guid":{"rendered":"https:\/\/tienda.laude.wine\/aviso-legal\/"},"modified":"2025-11-11T11:13:17","modified_gmt":"2025-11-11T11:13:17","slug":"aviso-legal","status":"publish","type":"page","link":"https:\/\/tienda.laude.wine\/es\/aviso-legal\/","title":{"rendered":"Aviso legal"},"content":{"rendered":"\t\t<div data-elementor-type=\"wp-page\" data-elementor-id=\"11027\" class=\"elementor elementor-11027 elementor-1241\" data-elementor-post-type=\"page\">\n\t\t\t\t\t\t<section class=\"elementor-section elementor-top-section elementor-element elementor-element-8cc4c16 elementor-section-height-min-height elementor-section-items-stretch elementor-section-content-middle elementor-section-boxed elementor-section-height-default\" data-id=\"8cc4c16\" data-element_type=\"section\" data-settings=\"{&quot;background_background&quot;:&quot;slideshow&quot;,&quot;background_slideshow_gallery&quot;:[{&quot;id&quot;:10873,&quot;url&quot;:&quot;https:\\\/\\\/tienda.laude.wine\\\/wp-content\\\/uploads\\\/copa-vi-negre-2.jpg&quot;},{&quot;id&quot;:10874,&quot;url&quot;:&quot;https:\\\/\\\/tienda.laude.wine\\\/wp-content\\\/uploads\\\/vermut-blur-scaled.jpg&quot;},{&quot;id&quot;:10875,&quot;url&quot;:&quot;https:\\\/\\\/tienda.laude.wine\\\/wp-content\\\/uploads\\\/copa-cava.jpg&quot;},{&quot;id&quot;:10876,&quot;url&quot;:&quot;https:\\\/\\\/tienda.laude.wine\\\/wp-content\\\/uploads\\\/vi-dolc.jpg&quot;},{&quot;id&quot;:10877,&quot;url&quot;:&quot;https:\\\/\\\/tienda.laude.wine\\\/wp-content\\\/uploads\\\/vi-blanc.jpg&quot;},{&quot;id&quot;:10872,&quot;url&quot;:&quot;https:\\\/\\\/tienda.laude.wine\\\/wp-content\\\/uploads\\\/vi-rosat.jpg&quot;}],&quot;background_slideshow_ken_burns&quot;:&quot;yes&quot;,&quot;background_slideshow_loop&quot;:&quot;yes&quot;,&quot;background_slideshow_slide_duration&quot;:5000,&quot;background_slideshow_slide_transition&quot;:&quot;fade&quot;,&quot;background_slideshow_transition_duration&quot;:500,&quot;background_slideshow_ken_burns_zoom_direction&quot;:&quot;in&quot;}\">\n\t\t\t\t\t\t\t<div class=\"elementor-background-overlay\"><\/div>\n\t\t\t\t\t\t\t<div class=\"elementor-container elementor-column-gap-default\">\n\t\t\t\t\t<div class=\"elementor-column elementor-col-100 elementor-top-column elementor-element elementor-element-6d56de1 elementor-invisible\" data-id=\"6d56de1\" data-element_type=\"column\" data-settings=\"{&quot;animation&quot;:&quot;fadeIn&quot;}\">\n\t\t\t<div class=\"elementor-widget-wrap elementor-element-populated\">\n\t\t\t\t\t\t<div class=\"elementor-element elementor-element-4486706 elementor-widget elementor-widget-heading\" data-id=\"4486706\" data-element_type=\"widget\" data-widget_type=\"heading.default\">\n\t\t\t\t<div class=\"elementor-widget-container\">\n\t\t\t\t\t<h2 class=\"elementor-heading-title elementor-size-default\">Aviso legal<\/h2>\t\t\t\t<\/div>\n\t\t\t\t<\/div>\n\t\t\t\t<div class=\"elementor-element elementor-element-e13c388 elementor-view-default elementor-widget elementor-widget-icon\" data-id=\"e13c388\" data-element_type=\"widget\" data-widget_type=\"icon.default\">\n\t\t\t\t<div class=\"elementor-widget-container\">\n\t\t\t\t\t\t\t<div class=\"elementor-icon-wrapper\">\n\t\t\t<div class=\"elementor-icon\">\n\t\t\t<svg xmlns=\"http:\/\/www.w3.org\/2000\/svg\" id=\"Capa_1\" data-name=\"Capa 1\" viewBox=\"0 0 299.44 38.69\"><path d=\"M295.09,11c-9.27,9-31.68,13.56-52.15,15.66-26.3,2.44-47.34-.66-73.91-10C130.92,2.22,89.08.81,53.83,6.52c-21.18,3.55-44,10.07-50.91,20.27l2,.35c9.27-9,31.68-13.56,52.15-15.66,26.3-2.44,50.57-.86,75.16,8.41,39.41,17.8,78.7,17.48,114,11.77,21.18-3.55,44-10.07,50.91-20.27Z\"><\/path><\/svg>\t\t\t<\/div>\n\t\t<\/div>\n\t\t\t\t\t\t<\/div>\n\t\t\t\t<\/div>\n\t\t\t\t\t<\/div>\n\t\t<\/div>\n\t\t\t\t\t<\/div>\n\t\t<\/section>\n\t\t\t\t<section class=\"elementor-section elementor-top-section elementor-element elementor-element-7b6bc4b elementor-section-boxed elementor-section-height-default elementor-section-height-default\" data-id=\"7b6bc4b\" data-element_type=\"section\">\n\t\t\t\t\t\t<div class=\"elementor-container elementor-column-gap-default\">\n\t\t\t\t\t<div class=\"elementor-column elementor-col-100 elementor-top-column elementor-element elementor-element-062420e\" data-id=\"062420e\" data-element_type=\"column\">\n\t\t\t<div class=\"elementor-widget-wrap elementor-element-populated\">\n\t\t\t\t\t\t<div class=\"elementor-element elementor-element-d8d4126 elementor-widget elementor-widget-text-editor\" data-id=\"d8d4126\" data-element_type=\"widget\" data-widget_type=\"text-editor.default\">\n\t\t\t\t<div class=\"elementor-widget-container\">\n\t\t\t\t\t\t\t\t\t<h2><b>Condiciones Generales<\/b><\/h2>\n<p>En cumplimiento de lo establecido en el art\u00edculo 10 de la Ley 34\/2002 de 11 de julio referente a los Servicios de la Informaci\u00f3n y de Comercio Electr\u00f3nico, se informa a los usuarios que <b>Laude.wine<\/b> es el nombre comercial de <span style=\"caret-color: #717371; color: #717371; font-family: 'Open Sans', sans-serif; font-size: 14px; text-size-adjust: auto;\"><b>Monvins Seleccions Gastronomiques, SL <\/b><\/span>con n\u00famero de identificaci\u00f3n fiscal n\u00famero <span style=\"caret-color: #717371; color: #717371; font-family: 'Open Sans', sans-serif; font-size: 14px; text-size-adjust: auto;\"><b>B55696975<\/b><\/span> y con domicilio social en <span style=\"caret-color: #717371; color: #717371; font-family: 'Open Sans', sans-serif; font-size: 14px; text-transform: capitalize; text-size-adjust: auto;\"><b>Calle Gandhi, 7 &#8211; Piso 2 A,  La Selva Del Camp, 43470, Tarragona<\/b><\/span>.<\/p>\n<p>Pongamos en su conocimiento que&nbsp;<span style=\"font-weight: bold; color: #717371; font-family: 'Open Sans', sans-serif; font-size: 14px; caret-color: #717371;\">Monvins Seleccions Gastronomiques, SL<\/span> es el titular de esta web y act\u00faa como explotadora y gestora de los contenidos de este portal web. Para cualquier aclaraci\u00f3n no dude en contactar con nosotros a <b>info@laude.wine<\/b>. <\/p>\n<p>Las presentes Condiciones Generales rigen junto con la Pol\u00edtica de Privacidad y la Pol\u00edtica de Cookies el acceso y utilizaci\u00f3n del sitio web en el que se encuentra, as\u00ed como la contrataci\u00f3n de los servicios y productos que desde la misma se ofrecen.<\/p>\n<p>La utilizaci\u00f3n de la web atribuye la condici\u00f3n de usuario e implica la aceptaci\u00f3n de todas las condiciones legales de nuestras p\u00e1ginas. De esta manera se establecen una serie de derechos y obligaciones que deben cumplirse por parte del usuario de la web. Estos derechos y obligaciones regir\u00e1n el uso de la web. En caso de no estar de acuerdo con estas condiciones generales, dicho usuario deber\u00e1 abandonar inmediatamente la web.   <\/p>\n<p>Por medio de la aceptaci\u00f3n de las presentes Condiciones Generales, el usuario manifiesta que ha le\u00eddo y comprende lo expuesto, que tiene capacidad suficiente para contratar los productos y servicios ofrecidos, y que asume todas las obligaciones aqu\u00ed dispuestas.<\/p>\n<p>El usuario deber\u00e1 leer atentamente los contenidos de estas Condiciones Generales siempre que acceda al portal, ya que \u00e9stas pueden sufrir cambios. El titular de sitio web se reserva la posibilidad de introducir cambios tanto en la informaci\u00f3n contenida como en los servicios y productos ofrecidos, siempre con la finalidad de mejorar los contenidos o complementar la informaci\u00f3n existente. <\/p>\n<p>Cualquier modificaci\u00f3n realizada en el sitio web no afectar\u00e1 a los productos o servicios que ya hubieran sido adquiridos previamente.<\/p>\n<p><br><\/p>\n<h2><b>Condiciones de Uso<\/b><\/h2>\n<p>1. El acceso a la informaci\u00f3n contenida en la web es libre y gratuito.<\/p>\n<p>2. Es posible que para la compra de productos o servicios, el usuario deba registrarse. Los datos que suministre el usuario deben ser exactos y ver\u00eddicos. Sin embargo el usuario registrado ser\u00e1 responsable de la custodia de su contrase\u00f1a y asume los da\u00f1os y perjuicios que se puedan derivar de su uso indebido, as\u00ed como de la cesi\u00f3n, revelaci\u00f3n o p\u00e9rdida de la misma. Todos los servicios o productos comprados bajo la contrase\u00f1a de un usuario registrado se entienden realizados por este usuario.   <\/p>\n<p>3. Normas de uso del portal:<\/p>\n<ul>\n<li>\u2022 El usuario se obliga a utilizar la web seg\u00fan estas condiciones generales y seg\u00fan lo establecido en la ley vigente y las normas del ordenamiento jur\u00eddico.<\/li>\n<li>\u2022 Del mismo modo, el usuario se compromete a no utilizar los contenidos del sitio web para la realizaci\u00f3n de actividades constitutivas de delito, que atenten contra los derechos de terceros o sean de car\u00e1cter il\u00edcito.<\/li>\n<li>\u2022 El usuario se compromete a no difundir datos y contenidos de car\u00e1cter racista, xen\u00f3fobo, pornogr\u00e1fico o que afecten a los derechos humanos o que promuevan o realicen apolog\u00eda del terrorismo.<\/li>\n<li>\u2022 El usuario se compromete a no introducir ni difundir virus o software nocivo que sea capaz de provocar da\u00f1os en los sistemas inform\u00e1ticos, tantos de los proveedores de los servicios como de terceros.<\/li>\n<li>\u2022 Se compromete a no difundir ni transmitir a terceros cualquier tipo de informaci\u00f3n o contenido que constituya publicidad il\u00edcita o desleal.<\/li>\n<li>\u2022 Se compromete a no enviar publicidad no autorizada expresamente, conocida como &#8216;correo basura&#8217; o &#8216;spam&#8217;, excepto en aquellas \u00e1reas que hayan sido concebidas para ello.<\/li>\n<li>\u2022 Se compromete a no difundir o introducir informaci\u00f3n o contenidos falsos o inexactos o que induzcan a error a los receptores de la informaci\u00f3n.<\/li>\n<li>\u2022 Especialmente se compromete a no suplantar la identidad de otros usuarios utilizando sus claves de registro (usuario y contrase\u00f1a).<\/li>\n<li>\u2022 Se compromete a respetar los derechos de la propiedad intelectual e industrial, patentes y marcas que sean propiedad de la web o de terceras personas.<\/li>\n<li>\u2022 Se compromete a no difundir ni transmitir a terceros cualquier tipo de informaci\u00f3n o contenido que represente una violaci\u00f3n del secreto de comunicaci\u00f3n y la legislaci\u00f3n vigente sobre los datos de car\u00e1cter personal.<\/li>\n<\/ul>\n<p>4. En caso de incumplimiento de cualquiera de los puntos anteriores, el titular de la web se reserva el derecho a iniciar las acciones legales que considere oportunas.<\/p>\n<p>5. Todas las informaciones y el flujo de informaci\u00f3n entre el usuario y el titular de la web ser\u00e1 confidencial y no se podr\u00e1 reenviar a terceros, con la finalidad de evitar accesos no autorizados a la informaci\u00f3n privada del usuario.&nbsp;<\/p>\n<p><br><\/p>\n<h2><b>Propiedad intelectual e industrial<\/b><\/h2>\n<p>La estructura, dise\u00f1o y forma de presentaci\u00f3n de los elementos (gr\u00e1ficos, im\u00e1genes, ficheros logotipos, combinaciones de colores y cualquier elemento susceptible de protecci\u00f3n) est\u00e1n protegidos por derechos de propiedad intelectual, titularidad de la empresa propietaria de la web.<\/p>\n<p>Quedan totalmente prohibidas la reproducci\u00f3n, la transformaci\u00f3n, distribuci\u00f3n, comunicaci\u00f3n p\u00fablica, puesta a disposici\u00f3n el p\u00fablico y, en general, cualquier otra forma de explotaci\u00f3n, parcial o total de los elementos referidos en el apartado anterior. Estos actos de explotaci\u00f3n s\u00f3lo podr\u00e1n ser realizados en virtud de autorizaci\u00f3n expresa del propietario de la web y siempre deber\u00e1 hacerse referencia expl\u00edcita a la titularidad de los citados derechos de propiedad intelectual que ostenta el titular de la web. <\/p>\n<p><br><\/p>\n<h2><b>Exenci\u00f3n de responsabilidad<\/b><\/h2>\n<p>Los titulares del portal declinan cualquier responsabilidad en caso de que existan interrupciones o un mal funcionamiento de los servicios o contenidos ofrecidos por las operadoras de internet. Asimismo, el titular de la web no se hace responsable de las ca\u00eddas de la red o del fluido el\u00e9ctrico y las consecuencias que se deriven por esta falta de servicio. <\/p>\n<p>Asimismo el titular de la web no se hace responsable de los da\u00f1os producidos en el software o equipos inform\u00e1ticos de los usuarios o de terceros durante la utilizaci\u00f3n de la web.<\/p>\n<p><br><\/p>\n<h2><b>Informaci\u00f3n sobre los v\u00ednculos externos (links)<\/b><\/h2>\n<p>Este portal web no se hace responsable de las webs de terceros a las que pueda tener acceso el usuario mediante la utilizaci\u00f3n de v\u00ednculos externos, tambi\u00e9n conocidos como links, o de cualquier otro tipo de contenido de la web puesto a disposici\u00f3n por terceros.<\/p>\n<p>El acceso a una web no propia se hace por voluntad y cuenta del usuario. No podemos garantizar, ni responsabilizarnos de la informaci\u00f3n obtenida a trav\u00e9s de cualquier enlace externo y de la misma manera no nos responsabilizamos de la informaci\u00f3n obtenida en estas webs externas que nada tienen que ver con nuestra web. <\/p>\n<p><br><\/p>\n<h2><b>Registro de usuarios<\/b><\/h2>\n<p>La utilizaci\u00f3n de los servicios ofrecidos por el titular de la web implican la necesidad de registro por parte del usuario de la web. El usuario deber\u00e1 rellenar el formulario creado al efecto. Se pedir\u00e1 al usuario que acepte las presentes Condiciones Generales as\u00ed como la Pol\u00edtica de Privacidad y la Pol\u00edtica de Cookies.  <\/p>\n<p>Una vez registrado, el usuario tendr\u00e1 acceso a su \u00e1rea privada donde en todo momento podr\u00e1 comprobar, rectificar o borrar sus datos. Tambi\u00e9n podr\u00e1 comprobar informaci\u00f3n relativa a sus pedidos y las entregas. <\/p>\t\t\t\t\t\t\t\t<\/div>\n\t\t\t\t<\/div>\n\t\t\t\t\t<\/div>\n\t\t<\/div>\n\t\t\t\t\t<\/div>\n\t\t<\/section>\n\t\t\t\t<\/div>\n\t\t","protected":false},"excerpt":{"rendered":"<p>Condiciones Generales En cumplimiento de lo establecido en el art\u00edculo 10 de la Ley 34\/2002 de 11 de julio referente a los Servicios de la Informaci\u00f3n y de Comercio Electr\u00f3nico, se informa a los usuarios que Laude.wine es el nombre comercial de Monvins Seleccions Gastronomiques, SL con n\u00famero de identificaci\u00f3n fiscal n\u00famero B55696975 y con [&hellip;]<\/p>\n","protected":false},"author":35,"featured_media":0,"parent":0,"menu_order":0,"comment_status":"closed","ping_status":"closed","template":"","meta":{"footnotes":""},"class_list":["post-11027","page","type-page","status-publish","hentry"],"_links":{"self":[{"href":"https:\/\/tienda.laude.wine\/es\/wp-json\/wp\/v2\/pages\/11027","targetHints":{"allow":["GET"]}}],"collection":[{"href":"https:\/\/tienda.laude.wine\/es\/wp-json\/wp\/v2\/pages"}],"about":[{"href":"https:\/\/tienda.laude.wine\/es\/wp-json\/wp\/v2\/types\/page"}],"author":[{"embeddable":true,"href":"https:\/\/tienda.laude.wine\/es\/wp-json\/wp\/v2\/users\/35"}],"replies":[{"embeddable":true,"href":"https:\/\/tienda.laude.wine\/es\/wp-json\/wp\/v2\/comments?post=11027"}],"version-history":[{"count":1,"href":"https:\/\/tienda.laude.wine\/es\/wp-json\/wp\/v2\/pages\/11027\/revisions"}],"predecessor-version":[{"id":11029,"href":"https:\/\/tienda.laude.wine\/es\/wp-json\/wp\/v2\/pages\/11027\/revisions\/11029"}],"wp:attachment":[{"href":"https:\/\/tienda.laude.wine\/es\/wp-json\/wp\/v2\/media?parent=11027"}],"curies":[{"name":"wp","href":"https:\/\/api.w.org\/{rel}","templated":true}]}}