{"id":11026,"date":"2025-09-08T11:20:46","date_gmt":"2025-09-08T11:20:46","guid":{"rendered":"https:\/\/tienda.laude.wine\/declaracion-de-accesibilidad\/"},"modified":"2025-11-11T11:13:17","modified_gmt":"2025-11-11T11:13:17","slug":"declaracion-de-accesibilidad","status":"publish","type":"page","link":"https:\/\/tienda.laude.wine\/es\/declaracion-de-accesibilidad\/","title":{"rendered":"Declaraci\u00f3n de Accesibilidad"},"content":{"rendered":"\t\t<div data-elementor-type=\"wp-page\" data-elementor-id=\"11026\" class=\"elementor elementor-11026 elementor-10433\" data-elementor-post-type=\"page\">\n\t\t\t\t\t\t<section class=\"elementor-section elementor-top-section elementor-element elementor-element-806986d elementor-section-height-min-height elementor-section-items-stretch elementor-section-content-middle elementor-section-boxed elementor-section-height-default\" data-id=\"806986d\" data-element_type=\"section\" data-settings=\"{&quot;background_background&quot;:&quot;slideshow&quot;,&quot;background_slideshow_gallery&quot;:[{&quot;id&quot;:10873,&quot;url&quot;:&quot;https:\\\/\\\/tienda.laude.wine\\\/wp-content\\\/uploads\\\/copa-vi-negre-2.jpg&quot;},{&quot;id&quot;:10874,&quot;url&quot;:&quot;https:\\\/\\\/tienda.laude.wine\\\/wp-content\\\/uploads\\\/vermut-blur-scaled.jpg&quot;},{&quot;id&quot;:10875,&quot;url&quot;:&quot;https:\\\/\\\/tienda.laude.wine\\\/wp-content\\\/uploads\\\/copa-cava.jpg&quot;},{&quot;id&quot;:10876,&quot;url&quot;:&quot;https:\\\/\\\/tienda.laude.wine\\\/wp-content\\\/uploads\\\/vi-dolc.jpg&quot;},{&quot;id&quot;:10877,&quot;url&quot;:&quot;https:\\\/\\\/tienda.laude.wine\\\/wp-content\\\/uploads\\\/vi-blanc.jpg&quot;},{&quot;id&quot;:10872,&quot;url&quot;:&quot;https:\\\/\\\/tienda.laude.wine\\\/wp-content\\\/uploads\\\/vi-rosat.jpg&quot;}],&quot;background_slideshow_ken_burns&quot;:&quot;yes&quot;,&quot;background_slideshow_loop&quot;:&quot;yes&quot;,&quot;background_slideshow_slide_duration&quot;:5000,&quot;background_slideshow_slide_transition&quot;:&quot;fade&quot;,&quot;background_slideshow_transition_duration&quot;:500,&quot;background_slideshow_ken_burns_zoom_direction&quot;:&quot;in&quot;}\">\n\t\t\t\t\t\t\t<div class=\"elementor-background-overlay\"><\/div>\n\t\t\t\t\t\t\t<div class=\"elementor-container elementor-column-gap-default\">\n\t\t\t\t\t<div class=\"elementor-column elementor-col-100 elementor-top-column elementor-element elementor-element-c217015 elementor-invisible\" data-id=\"c217015\" data-element_type=\"column\" data-settings=\"{&quot;animation&quot;:&quot;fadeIn&quot;}\">\n\t\t\t<div class=\"elementor-widget-wrap elementor-element-populated\">\n\t\t\t\t\t\t<div class=\"elementor-element elementor-element-48b0e61 elementor-widget elementor-widget-heading\" data-id=\"48b0e61\" data-element_type=\"widget\" data-widget_type=\"heading.default\">\n\t\t\t\t<div class=\"elementor-widget-container\">\n\t\t\t\t\t<h2 class=\"elementor-heading-title elementor-size-default\">Declaraci\u00f3n de Accesibilidad<\/h2>\t\t\t\t<\/div>\n\t\t\t\t<\/div>\n\t\t\t\t<div class=\"elementor-element elementor-element-e47874d elementor-view-default elementor-widget elementor-widget-icon\" data-id=\"e47874d\" data-element_type=\"widget\" data-widget_type=\"icon.default\">\n\t\t\t\t<div class=\"elementor-widget-container\">\n\t\t\t\t\t\t\t<div class=\"elementor-icon-wrapper\">\n\t\t\t<div class=\"elementor-icon\">\n\t\t\t<svg xmlns=\"http:\/\/www.w3.org\/2000\/svg\" id=\"Capa_1\" data-name=\"Capa 1\" viewBox=\"0 0 299.44 38.69\"><path d=\"M295.09,11c-9.27,9-31.68,13.56-52.15,15.66-26.3,2.44-47.34-.66-73.91-10C130.92,2.22,89.08.81,53.83,6.52c-21.18,3.55-44,10.07-50.91,20.27l2,.35c9.27-9,31.68-13.56,52.15-15.66,26.3-2.44,50.57-.86,75.16,8.41,39.41,17.8,78.7,17.48,114,11.77,21.18-3.55,44-10.07,50.91-20.27Z\"><\/path><\/svg>\t\t\t<\/div>\n\t\t<\/div>\n\t\t\t\t\t\t<\/div>\n\t\t\t\t<\/div>\n\t\t\t\t\t<\/div>\n\t\t<\/div>\n\t\t\t\t\t<\/div>\n\t\t<\/section>\n\t\t\t\t<section class=\"elementor-section elementor-top-section elementor-element elementor-element-5f99ef3 elementor-section-boxed elementor-section-height-default elementor-section-height-default\" data-id=\"5f99ef3\" data-element_type=\"section\">\n\t\t\t\t\t\t<div class=\"elementor-container elementor-column-gap-default\">\n\t\t\t\t\t<div class=\"elementor-column elementor-col-100 elementor-top-column elementor-element elementor-element-2bcca4a\" data-id=\"2bcca4a\" data-element_type=\"column\">\n\t\t\t<div class=\"elementor-widget-wrap elementor-element-populated\">\n\t\t\t\t\t\t<div class=\"elementor-element elementor-element-c99e077 elementor-widget elementor-widget-text-editor\" data-id=\"c99e077\" data-element_type=\"widget\" data-widget_type=\"text-editor.default\">\n\t\t\t\t<div class=\"elementor-widget-container\">\n\t\t\t\t\t\t\t\t\t<h2><strong>Declaraci\u00f3n de accesibilidad<\/strong><\/h2><p><strong>Monvins Seleccions Gastronomiques, SL<\/strong> se ha comprometido a hacer accesibles sus sitios web de conformidad con el Real Decreto 1112\/2018, de 7 de septiembre, sobre accesibilidad de los sitios web y aplicaciones para dispositivos m\u00f3viles (en adelante, Real Decreto 1112 \/2018, de 7 de septiembre).<\/p><p>Esta declaraci\u00f3n de accesibilidad se aplica al sitio web <strong>https:\/\/www.tienda.laude.wine <\/strong>(los subdominios de este sitio web tendr\u00e1n declaraciones de accesibilidad propias).<\/p><p> <\/p><p><strong>Situaci\u00f3n de cumplimiento<\/strong><\/p><p>Este sitio web es parcialmente conforme con el Real Decreto 1112\/2018, de 7 de septiembre, debido a la falta de conformidad de los aspectos que se indican a continuaci\u00f3n.<\/p><p> <\/p><p><strong>Contenido no accesible<\/strong><\/p><p>El contenido que se recoge a continuaci\u00f3n no es accesible por el siguiente:<\/p><ol><li>Falta de conformidad con el Real Decreto 1112\/2018, de 7 de septiembre: podr\u00edan existir errores puntuales de edici\u00f3n en alguna p\u00e1gina web, tanto en contenidos HTML como en documentos finales, publicados en fecha posterior al 20 de septiembre de 2018 (fecha de entrada en vigor del Real Decreto 1112\/2018, de 7 de septiembre). Concretamente puede haber errores en aquellos documentos que contienen gr\u00e1ficos, tablas complejas o en aquellos firmados electr\u00f3nicamente antes de la revisi\u00f3n de accesibilidad. <\/li><li>Carga desproporcionada: no aplica.<\/li><li>El contenido no entra dentro del \u00e1mbito de la legislaci\u00f3n aplicable: hay archivos en PDF u otros formatos publicados antes del 20 de septiembre de 2018 que no cumplen \u00edntegramente todos los requisitos de accesibilidad.<\/li><\/ol><p> <\/p><p><strong>Preparaci\u00f3n de esta declaraci\u00f3n de accesibilidad<\/strong><\/p><p>Esta declaraci\u00f3n fue preparada el <strong>25 de marzo de 2023<\/strong>.<\/p><p>El m\u00e9todo empleado para preparar la declaraci\u00f3n ha sido una autoevaluaci\u00f3n llevada a cabo por la propia empresa con el apoyo de AChecker Web Accessibility Checker.<\/p><p>\u00daltima revisi\u00f3n de la declaraci\u00f3n: <strong>25 de marzo de 2023<\/strong>.<\/p><p> <\/p><p>Observaciones y datos de contacto<\/p><p>Puede realizar comunicaciones sobre requisitos de accesibilidad (art\u00edculo 10.2.a) del Real Decreto 1112\/2018, de 7 de septiembre) como, por ejemplo:<\/p><ul><li>Informar sobre cualquier posible incumplimiento por parte de este sitio web.<\/li><li>Transmitir otras dificultades para acceder al contenido.<\/li><li>Formular cualquier otra consulta o sugerencia de mejora relativa a laccesibilidad del sitio web.<\/li><\/ul><p> <\/p><p>A trav\u00e9s de las v\u00edas siguientes:<\/p><ul><li>Correo electr\u00f3nico: <strong>accesibilidad[@]laude.wine<\/strong><\/li><li>Tel\u00e9fono: <strong>648 86 81 27<\/strong><\/li><\/ul><p>Las comunicaciones ser\u00e1n recibidas y tratadas por el departamento responsable de los contenidos de este sitio web.<\/p><p> <\/p><p><strong>Solicitudes de informaci\u00f3n accesible y quejas<\/strong><\/p><p>Tambi\u00e9n pod\u00e9is solicitar en formato accesible la informaci\u00f3n que no cumpla con los requisitos de accesibilidad bien por estar excluida, bien por estar exenta por carga desproporcionada, o formular una queja por incumplimiento de los requisitos de accesibilidad.<\/p><p> <\/p><p><strong>Procedimiento de aplicaci\u00f3n<\/strong><\/p><p>A trav\u00e9s de este procedimiento podr\u00e9is iniciar una reclamaci\u00f3n para conocer y oponeros a los motivos de la desestimaci\u00f3n de una solicitud de informaci\u00f3n accesible o queja, instar la adopci\u00f3n de las medidas oportunas en caso de no estar de acuerdo con la decisi\u00f3n adoptada, o exponer las razones por las que se considera que la respuesta no cumple los requisitos exigidos.<\/p><p>Utilice los datos de contacto anteriormente expuestos y la reclamaci\u00f3n se dirigir\u00e1 a la Unidad responsable de accesibilidad, oa un superior jer\u00e1rquico de la misma.<\/p><p> <\/p><p><strong>Contenido opcional<\/strong><\/p><p>El sitio web:<\/p><ul><li>Se ha dise\u00f1ado adapt\u00e1ndose a los est\u00e1ndares y normativas vigentes en relaci\u00f3n con la accesibilidad, cumpliendo con los puntos de verificaci\u00f3n de prioridad 2 (AA) definidos en la especificaci\u00f3n de Pautas de Accesibilidad al Contenido en la Web (WCAG 2.1).<\/li><li>Est\u00e1 optimizado para las \u00faltimas versiones vigentes de Chrome, Edge, Firefox, Safari y Opera.<\/li><li>Est\u00e1 dise\u00f1ado para la correcta visualizaci\u00f3n en cualquier resoluci\u00f3n y dispositivo de escritorio, tableta o m\u00f3viles (dise\u00f1o responsivo).<\/li><li>Se ha realizado utilizando HTML5 como lenguaje marcado y hojas de estilo CSS3 para dise\u00f1arlos.<\/li><\/ul><p>Adicionalmente, se realiza un trabajo continuo de auditor\u00eda y revisi\u00f3n de contenidos para facilitar su interpretaci\u00f3n y mejorar la navegaci\u00f3n por el portal web.<\/p>\t\t\t\t\t\t\t\t<\/div>\n\t\t\t\t<\/div>\n\t\t\t\t\t<\/div>\n\t\t<\/div>\n\t\t\t\t\t<\/div>\n\t\t<\/section>\n\t\t\t\t<\/div>\n\t\t","protected":false},"excerpt":{"rendered":"<p>Declaraci\u00f3n de accesibilidad Monvins Seleccions Gastronomiques, SL se ha comprometido a hacer accesibles sus sitios web de conformidad con el Real Decreto 1112\/2018, de 7 de septiembre, sobre accesibilidad de los sitios web y aplicaciones para dispositivos m\u00f3viles (en adelante, Real Decreto 1112 \/2018, de 7 de septiembre). Esta declaraci\u00f3n de accesibilidad se aplica al [&hellip;]<\/p>\n","protected":false},"author":35,"featured_media":0,"parent":0,"menu_order":0,"comment_status":"closed","ping_status":"closed","template":"","meta":{"footnotes":""},"class_list":["post-11026","page","type-page","status-publish","hentry"],"_links":{"self":[{"href":"https:\/\/tienda.laude.wine\/es\/wp-json\/wp\/v2\/pages\/11026","targetHints":{"allow":["GET"]}}],"collection":[{"href":"https:\/\/tienda.laude.wine\/es\/wp-json\/wp\/v2\/pages"}],"about":[{"href":"https:\/\/tienda.laude.wine\/es\/wp-json\/wp\/v2\/types\/page"}],"author":[{"embeddable":true,"href":"https:\/\/tienda.laude.wine\/es\/wp-json\/wp\/v2\/users\/35"}],"replies":[{"embeddable":true,"href":"https:\/\/tienda.laude.wine\/es\/wp-json\/wp\/v2\/comments?post=11026"}],"version-history":[{"count":1,"href":"https:\/\/tienda.laude.wine\/es\/wp-json\/wp\/v2\/pages\/11026\/revisions"}],"predecessor-version":[{"id":11028,"href":"https:\/\/tienda.laude.wine\/es\/wp-json\/wp\/v2\/pages\/11026\/revisions\/11028"}],"wp:attachment":[{"href":"https:\/\/tienda.laude.wine\/es\/wp-json\/wp\/v2\/media?parent=11026"}],"curies":[{"name":"wp","href":"https:\/\/api.w.org\/{rel}","templated":true}]}}