{"id":10927,"date":"2024-09-03T09:46:22","date_gmt":"2024-09-03T09:46:22","guid":{"rendered":"https:\/\/tienda.laude.wine\/blancos\/"},"modified":"2025-11-11T11:04:43","modified_gmt":"2025-11-11T11:04:43","slug":"blancos","status":"publish","type":"page","link":"https:\/\/tienda.laude.wine\/es\/blancos\/","title":{"rendered":"Blancos"},"content":{"rendered":"\t\t<div data-elementor-type=\"wp-page\" data-elementor-id=\"10927\" class=\"elementor elementor-10927 elementor-68\" data-elementor-post-type=\"page\">\n\t\t\t\t\t\t<section class=\"elementor-section elementor-top-section elementor-element elementor-element-f610f7d elementor-section-height-min-height elementor-section-items-stretch elementor-section-content-middle elementor-section-boxed elementor-section-height-default\" data-id=\"f610f7d\" data-element_type=\"section\" data-settings=\"{&quot;background_background&quot;:&quot;classic&quot;}\">\n\t\t\t\t\t\t\t<div class=\"elementor-background-overlay\"><\/div>\n\t\t\t\t\t\t\t<div class=\"elementor-container elementor-column-gap-default\">\n\t\t\t\t\t<div class=\"elementor-column elementor-col-100 elementor-top-column elementor-element elementor-element-a424164 elementor-invisible\" data-id=\"a424164\" data-element_type=\"column\" data-settings=\"{&quot;animation&quot;:&quot;fadeIn&quot;}\">\n\t\t\t<div class=\"elementor-widget-wrap elementor-element-populated\">\n\t\t\t\t\t\t<div class=\"elementor-element elementor-element-2551b6e elementor-widget elementor-widget-heading\" data-id=\"2551b6e\" data-element_type=\"widget\" data-widget_type=\"heading.default\">\n\t\t\t\t<div class=\"elementor-widget-container\">\n\t\t\t\t\t<h3 class=\"elementor-heading-title elementor-size-default\">Venta online<\/h3>\t\t\t\t<\/div>\n\t\t\t\t<\/div>\n\t\t\t\t<div class=\"elementor-element elementor-element-496a539 elementor-widget elementor-widget-heading\" data-id=\"496a539\" data-element_type=\"widget\" data-widget_type=\"heading.default\">\n\t\t\t\t<div class=\"elementor-widget-container\">\n\t\t\t\t\t<h2 class=\"elementor-heading-title elementor-size-default\">Vinos Blancos<\/h2>\t\t\t\t<\/div>\n\t\t\t\t<\/div>\n\t\t\t\t<div class=\"elementor-element elementor-element-e012547 elementor-view-default elementor-widget elementor-widget-icon\" data-id=\"e012547\" data-element_type=\"widget\" data-widget_type=\"icon.default\">\n\t\t\t\t<div class=\"elementor-widget-container\">\n\t\t\t\t\t\t\t<div class=\"elementor-icon-wrapper\">\n\t\t\t<div class=\"elementor-icon\">\n\t\t\t<svg xmlns=\"http:\/\/www.w3.org\/2000\/svg\" id=\"Capa_1\" data-name=\"Capa 1\" viewBox=\"0 0 299.44 38.69\"><path d=\"M295.09,11c-9.27,9-31.68,13.56-52.15,15.66-26.3,2.44-47.34-.66-73.91-10C130.92,2.22,89.08.81,53.83,6.52c-21.18,3.55-44,10.07-50.91,20.27l2,.35c9.27-9,31.68-13.56,52.15-15.66,26.3-2.44,50.57-.86,75.16,8.41,39.41,17.8,78.7,17.48,114,11.77,21.18-3.55,44-10.07,50.91-20.27Z\"><\/path><\/svg>\t\t\t<\/div>\n\t\t<\/div>\n\t\t\t\t\t\t<\/div>\n\t\t\t\t<\/div>\n\t\t\t\t\t<\/div>\n\t\t<\/div>\n\t\t\t\t\t<\/div>\n\t\t<\/section>\n\t\t\t\t<section class=\"elementor-section elementor-top-section elementor-element elementor-element-4b984cd elementor-section-boxed elementor-section-height-default elementor-section-height-default\" data-id=\"4b984cd\" data-element_type=\"section\">\n\t\t\t\t\t\t<div class=\"elementor-container elementor-column-gap-wider\">\n\t\t\t\t\t<div class=\"elementor-column elementor-col-100 elementor-top-column elementor-element elementor-element-3414142\" data-id=\"3414142\" data-element_type=\"column\">\n\t\t\t<div class=\"elementor-widget-wrap elementor-element-populated\">\n\t\t\t\t\t\t\t<\/div>\n\t\t<\/div>\n\t\t\t\t\t<\/div>\n\t\t<\/section>\n\t\t\t\t<section class=\"elementor-section elementor-top-section elementor-element elementor-element-8dbba5c elementor-section-boxed elementor-section-height-default elementor-section-height-default\" data-id=\"8dbba5c\" data-element_type=\"section\" data-settings=\"{&quot;background_background&quot;:&quot;classic&quot;}\">\n\t\t\t\t\t\t<div class=\"elementor-container elementor-column-gap-default\">\n\t\t\t\t\t<div class=\"elementor-column elementor-col-100 elementor-top-column elementor-element elementor-element-10ae537\" data-id=\"10ae537\" data-element_type=\"column\">\n\t\t\t<div class=\"elementor-widget-wrap elementor-element-populated\">\n\t\t\t\t\t\t<div class=\"elementor-element elementor-element-48085fa elementor-tabs-alignment-center elementor-tabs-view-horizontal elementor-widget elementor-widget-tabs\" data-id=\"48085fa\" data-element_type=\"widget\" data-widget_type=\"tabs.default\">\n\t\t\t\t<div class=\"elementor-widget-container\">\n\t\t\t\t\t\t\t<div class=\"elementor-tabs\">\n\t\t\t<div class=\"elementor-tabs-wrapper\" role=\"tablist\" >\n\t\t\t\t\t\t\t\t\t<div id=\"elementor-tab-title-7551\" class=\"elementor-tab-title elementor-tab-desktop-title\" aria-selected=\"true\" data-tab=\"1\" role=\"tab\" tabindex=\"0\" aria-controls=\"elementor-tab-content-7551\" aria-expanded=\"false\">Historia del Vino Blanco<\/div>\n\t\t\t\t\t\t\t\t\t<div id=\"elementor-tab-title-7552\" class=\"elementor-tab-title elementor-tab-desktop-title\" aria-selected=\"false\" data-tab=\"2\" role=\"tab\" tabindex=\"-1\" aria-controls=\"elementor-tab-content-7552\" aria-expanded=\"false\">Localizaci\u00f3n, Suelo y Clima<\/div>\n\t\t\t\t\t\t\t\t\t<div id=\"elementor-tab-title-7553\" class=\"elementor-tab-title elementor-tab-desktop-title\" aria-selected=\"false\" data-tab=\"3\" role=\"tab\" tabindex=\"-1\" aria-controls=\"elementor-tab-content-7553\" aria-expanded=\"false\">Tipo de Vino Blanco<\/div>\n\t\t\t\t\t\t\t\t\t<div id=\"elementor-tab-title-7554\" class=\"elementor-tab-title elementor-tab-desktop-title\" aria-selected=\"false\" data-tab=\"4\" role=\"tab\" tabindex=\"-1\" aria-controls=\"elementor-tab-content-7554\" aria-expanded=\"false\">Variedades<\/div>\n\t\t\t\t\t\t\t\t\t<div id=\"elementor-tab-title-7555\" class=\"elementor-tab-title elementor-tab-desktop-title\" aria-selected=\"false\" data-tab=\"5\" role=\"tab\" tabindex=\"-1\" aria-controls=\"elementor-tab-content-7555\" aria-expanded=\"false\">Car\u00e1cter<\/div>\n\t\t\t\t\t\t\t\t\t<div id=\"elementor-tab-title-7556\" class=\"elementor-tab-title elementor-tab-desktop-title\" aria-selected=\"false\" data-tab=\"6\" role=\"tab\" tabindex=\"-1\" aria-controls=\"elementor-tab-content-7556\" aria-expanded=\"false\">Actualidad<\/div>\n\t\t\t\t\t\t\t<\/div>\n\t\t\t<div class=\"elementor-tabs-content-wrapper\" role=\"tablist\" aria-orientation=\"vertical\">\n\t\t\t\t\t\t\t\t\t<div class=\"elementor-tab-title elementor-tab-mobile-title\" aria-selected=\"true\" data-tab=\"1\" role=\"tab\" tabindex=\"0\" aria-controls=\"elementor-tab-content-7551\" aria-expanded=\"false\">Historia del Vino Blanco<\/div>\n\t\t\t\t\t<div id=\"elementor-tab-content-7551\" class=\"elementor-tab-content elementor-clearfix\" data-tab=\"1\" role=\"tabpanel\" aria-labelledby=\"elementor-tab-title-7551\" tabindex=\"0\" hidden=\"false\"><p>El vino blanco es una de las bebidas m\u00e1s antiguas de la historia, con evidencias de su producci\u00f3n que se remontan a m\u00e1s de 7.000 a\u00f1os en la regi\u00f3n del Caucas, en la actual Georgia. A lo largo de los siglos, el vino blanco se expandi\u00f3 a trav\u00e9s del Mediterr\u00e1neo, siendo particularmente apreciado por los antiguos egipcios, griegos y romanos. Estos \u00faltimos difundieron la viticultura por toda Europa, estableciendo las bases de las grandes regiones vin\u00edcolas que hoy en d\u00eda producen algunos de los vinos blancos m\u00e1s prestigiosos del mundo. El vino blanco ha estado hist\u00f3ricamente asociado a la frescura y la delicadeza, siendo una bebida predilecta en las cortes europeas durante la edad media y el Renacimiento.   <\/p>\n<\/div>\n\t\t\t\t\t\t\t\t\t<div class=\"elementor-tab-title elementor-tab-mobile-title\" aria-selected=\"false\" data-tab=\"2\" role=\"tab\" tabindex=\"-1\" aria-controls=\"elementor-tab-content-7552\" aria-expanded=\"false\">Localizaci\u00f3n, Suelo y Clima<\/div>\n\t\t\t\t\t<div id=\"elementor-tab-content-7552\" class=\"elementor-tab-content elementor-clearfix\" data-tab=\"2\" role=\"tabpanel\" aria-labelledby=\"elementor-tab-title-7552\" tabindex=\"0\" hidden=\"hidden\"><p>El vino blanco se produce en muchas regiones vin\u00edcolas del mundo, cada una con condiciones espec\u00edficas que influyen en el car\u00e1cter del vino:<\/p>\n<ul>\n<li><strong>Borgo\u00f1a<\/strong> (Francia): Esta regi\u00f3n es famosa por sus vinos blancos elaborados con Chardonnay. El clima continental y los suelos calc\u00e1reos favorecen la producci\u00f3n de vinos elegantes y complejos. <\/li>\n<li><strong>Riesling en Alemania:<\/strong> El valle del Rin es conocido por sus vinos blancos arom\u00e1ticos, gracias a un clima fresco y suelos pedregosos que permiten una maduraci\u00f3n lenta de la uva.<\/li>\n<li><strong>Rueda<\/strong> (Espa\u00f1a): Conocida por sus vinos blancos de Verdejo, esta regi\u00f3n tiene un clima continental con inviernos fr\u00edos y veranos calientes, y suelos de grava que favorecen la producci\u00f3n de vinos frescos y arom\u00e1ticos.<\/li>\n<li><strong>Marlborough<\/strong> (Nueva Zelanda): Esta regi\u00f3n se ha hecho famosa por sus Sauvignon Blancs, gracias a un clima mar\u00edtimo fresco y suelos aluviales que dan vinos vibrantes y llenos de sabor.<\/li>\n<\/ul>\n<\/div>\n\t\t\t\t\t\t\t\t\t<div class=\"elementor-tab-title elementor-tab-mobile-title\" aria-selected=\"false\" data-tab=\"3\" role=\"tab\" tabindex=\"-1\" aria-controls=\"elementor-tab-content-7553\" aria-expanded=\"false\">Tipo de Vino Blanco<\/div>\n\t\t\t\t\t<div id=\"elementor-tab-content-7553\" class=\"elementor-tab-content elementor-clearfix\" data-tab=\"3\" role=\"tabpanel\" aria-labelledby=\"elementor-tab-title-7553\" tabindex=\"0\" hidden=\"hidden\"><p>Los vinos blancos se pueden clasificar seg\u00fan su estilo, dependiendo de factores como el tipo de uva, el proceso de vinificaci\u00f3n y el tiempo de crianza:<\/p>\n<ul>\n<li><strong>Vino Blanco Seco<\/strong>: El m\u00e1s com\u00fan, con un bajo contenido en az\u00facar residual y un sabor fresco y ligero.<\/li>\n<li><strong>Vino Blanco Semisec<\/strong>: Tiene un punto de dulzura, con un poco m\u00e1s de az\u00facar residual que los secos, pero sin llegar a ser dulce.<\/li>\n<li><strong>Vino Blanco Dulce<\/strong>: Con un alto contenido en az\u00facar, a menudo elaborado con uva sobremadurada o afectada por la botritis.<\/li>\n<li><strong>Vino Blanco Crianza en Madera<\/strong>: Envejecido en barricas de roble, adquiere notas de vainilla, especias y una textura m\u00e1s cremosa.<\/li>\n<\/ul>\n<\/div>\n\t\t\t\t\t\t\t\t\t<div class=\"elementor-tab-title elementor-tab-mobile-title\" aria-selected=\"false\" data-tab=\"4\" role=\"tab\" tabindex=\"-1\" aria-controls=\"elementor-tab-content-7554\" aria-expanded=\"false\">Variedades<\/div>\n\t\t\t\t\t<div id=\"elementor-tab-content-7554\" class=\"elementor-tab-content elementor-clearfix\" data-tab=\"4\" role=\"tabpanel\" aria-labelledby=\"elementor-tab-title-7554\" tabindex=\"0\" hidden=\"hidden\"><p>Las variedades de uva utilizadas para la elaboraci\u00f3n de vino blanco son muchas, pero algunas de las m\u00e1s reconocidas son:<\/p>\n<ul>\n<li><strong>Chardonnay:<\/strong> Cultivada en todo el mundo, es vers\u00e1til y puede dar vinos desde frescos y afrutados hasta ricos y complejos, a menudo con notas de mantequilla y roble cuando se cr\u00eda en barrica.<\/li>\n<li><strong>Sauvignon Blanc:<\/strong> Conocida por su acidez vibrante y sus aromas de c\u00edtricos, hierbas y fruta tropical.<\/li>\n<li><strong>Riesling:<\/strong> Variedad arom\u00e1tica con una alta acidez, a menudo con notas de fruta de hueso, flores y miel.<\/li>\n<li><strong>Verdejo:<\/strong> Principal variedad de Rueda, produce vinos blancos frescos, con notas de fruta blanca y hierbas.<\/li>\n<\/ul>\n<\/div>\n\t\t\t\t\t\t\t\t\t<div class=\"elementor-tab-title elementor-tab-mobile-title\" aria-selected=\"false\" data-tab=\"5\" role=\"tab\" tabindex=\"-1\" aria-controls=\"elementor-tab-content-7555\" aria-expanded=\"false\">Car\u00e1cter<\/div>\n\t\t\t\t\t<div id=\"elementor-tab-content-7555\" class=\"elementor-tab-content elementor-clearfix\" data-tab=\"5\" role=\"tabpanel\" aria-labelledby=\"elementor-tab-title-7555\" tabindex=\"0\" hidden=\"hidden\"><p>El vino blanco se caracteriza por su frescura, acidez y capacidad para reflejar los aromas de la uva con mucha nitidez. Puede tener una amplia gama de sabores, desde frutas c\u00edtricas y tropicales hasta flores, minerales y notas especiadas, dependiendo de la variedad y el proceso de elaboraci\u00f3n. Los vinos blancos son conocidos por ser ligeros y refrescantes, ideales para climas c\u00e1lidos y maridajes con marisco, pescado y platos ligeros.  <\/p>\n<\/div>\n\t\t\t\t\t\t\t\t\t<div class=\"elementor-tab-title elementor-tab-mobile-title\" aria-selected=\"false\" data-tab=\"6\" role=\"tab\" tabindex=\"-1\" aria-controls=\"elementor-tab-content-7556\" aria-expanded=\"false\">Actualidad<\/div>\n\t\t\t\t\t<div id=\"elementor-tab-content-7556\" class=\"elementor-tab-content elementor-clearfix\" data-tab=\"6\" role=\"tabpanel\" aria-labelledby=\"elementor-tab-title-7556\" tabindex=\"0\" hidden=\"hidden\"><p>Hoy en d\u00eda, el vino blanco goza de una gran popularidad a nivel mundial, gracias a su versatilidad y la capacidad de adaptarse a una gran variedad de gustos y ocasiones. Las regiones tradicionales contin\u00faan produciendo algunos de los mejores vinos blancos del mundo, mientras que nuevas zonas vitivin\u00edcolas, especialmente en el hemisferio sur, est\u00e1n ganando reconocimiento por la calidad de sus vinos. Las t\u00e9cnicas modernas de vinificaci\u00f3n, como el uso controlado de la fermentaci\u00f3n en fr\u00edo y la selecci\u00f3n de levaduras espec\u00edficas, han permitido a los productores afinar a\u00fan m\u00e1s el car\u00e1cter de sus vinos. As\u00ed, el vino blanco sigue siendo una opci\u00f3n preferida tanto para los amantes del vino experimentados como para los nuevos consumidores, ofreciendo una experiencia gustativa que combina tradici\u00f3n e innovaci\u00f3n.   <\/p>\n<\/div>\n\t\t\t\t\t\t\t<\/div>\n\t\t<\/div>\n\t\t\t\t\t\t<\/div>\n\t\t\t\t<\/div>\n\t\t\t\t\t<\/div>\n\t\t<\/div>\n\t\t\t\t\t<\/div>\n\t\t<\/section>\n\t\t\t\t<\/div>\n\t\t","protected":false},"excerpt":{"rendered":"<p>Venta online Vinos Blancos Historia del Vino Blanco Localizaci\u00f3n, Suelo y Clima Tipo de Vino Blanco Variedades Car\u00e1cter Actualidad Historia del Vino Blanco El vino blanco es una de las bebidas m\u00e1s antiguas de la historia, con evidencias de su producci\u00f3n que se remontan a m\u00e1s de 7.000 a\u00f1os en la regi\u00f3n del Caucas, en [&hellip;]<\/p>\n","protected":false},"author":35,"featured_media":0,"parent":0,"menu_order":0,"comment_status":"closed","ping_status":"closed","template":"","meta":{"footnotes":""},"class_list":["post-10927","page","type-page","status-publish","hentry"],"_links":{"self":[{"href":"https:\/\/tienda.laude.wine\/es\/wp-json\/wp\/v2\/pages\/10927","targetHints":{"allow":["GET"]}}],"collection":[{"href":"https:\/\/tienda.laude.wine\/es\/wp-json\/wp\/v2\/pages"}],"about":[{"href":"https:\/\/tienda.laude.wine\/es\/wp-json\/wp\/v2\/types\/page"}],"author":[{"embeddable":true,"href":"https:\/\/tienda.laude.wine\/es\/wp-json\/wp\/v2\/users\/35"}],"replies":[{"embeddable":true,"href":"https:\/\/tienda.laude.wine\/es\/wp-json\/wp\/v2\/comments?post=10927"}],"version-history":[{"count":1,"href":"https:\/\/tienda.laude.wine\/es\/wp-json\/wp\/v2\/pages\/10927\/revisions"}],"predecessor-version":[{"id":10929,"href":"https:\/\/tienda.laude.wine\/es\/wp-json\/wp\/v2\/pages\/10927\/revisions\/10929"}],"wp:attachment":[{"href":"https:\/\/tienda.laude.wine\/es\/wp-json\/wp\/v2\/media?parent=10927"}],"curies":[{"name":"wp","href":"https:\/\/api.w.org\/{rel}","templated":true}]}}