{"id":10920,"date":"2024-09-03T09:27:41","date_gmt":"2024-09-03T09:27:41","guid":{"rendered":"https:\/\/tienda.laude.wine\/dulces-y-generosos\/"},"modified":"2025-11-11T11:04:43","modified_gmt":"2025-11-11T11:04:43","slug":"dulces-y-generosos","status":"publish","type":"page","link":"https:\/\/tienda.laude.wine\/es\/dulces-y-generosos\/","title":{"rendered":"Dulces y generosos"},"content":{"rendered":"\t\t<div data-elementor-type=\"wp-page\" data-elementor-id=\"10920\" class=\"elementor elementor-10920 elementor-117\" data-elementor-post-type=\"page\">\n\t\t\t\t\t\t<section class=\"elementor-section elementor-top-section elementor-element elementor-element-89bbba8 elementor-section-height-min-height elementor-section-items-stretch elementor-section-content-middle elementor-section-boxed elementor-section-height-default\" data-id=\"89bbba8\" data-element_type=\"section\" data-settings=\"{&quot;background_background&quot;:&quot;classic&quot;}\">\n\t\t\t\t\t\t\t<div class=\"elementor-background-overlay\"><\/div>\n\t\t\t\t\t\t\t<div class=\"elementor-container elementor-column-gap-default\">\n\t\t\t\t\t<div class=\"elementor-column elementor-col-100 elementor-top-column elementor-element elementor-element-8730d6e\" data-id=\"8730d6e\" data-element_type=\"column\" data-settings=\"{&quot;animation_mobile&quot;:&quot;fadeIn&quot;}\">\n\t\t\t<div class=\"elementor-widget-wrap elementor-element-populated\">\n\t\t\t\t\t\t<div class=\"elementor-element elementor-element-227b345 elementor-widget elementor-widget-heading\" data-id=\"227b345\" data-element_type=\"widget\" data-widget_type=\"heading.default\">\n\t\t\t\t<div class=\"elementor-widget-container\">\n\t\t\t\t\t<h3 class=\"elementor-heading-title elementor-size-default\">Venta online<\/h3>\t\t\t\t<\/div>\n\t\t\t\t<\/div>\n\t\t\t\t<div class=\"elementor-element elementor-element-24c82f0 elementor-widget elementor-widget-heading\" data-id=\"24c82f0\" data-element_type=\"widget\" data-widget_type=\"heading.default\">\n\t\t\t\t<div class=\"elementor-widget-container\">\n\t\t\t\t\t<h2 class=\"elementor-heading-title elementor-size-default\">Dulces y Generosos<\/h2>\t\t\t\t<\/div>\n\t\t\t\t<\/div>\n\t\t\t\t<div class=\"elementor-element elementor-element-3d9e423 elementor-view-default elementor-widget elementor-widget-icon\" data-id=\"3d9e423\" data-element_type=\"widget\" data-widget_type=\"icon.default\">\n\t\t\t\t<div class=\"elementor-widget-container\">\n\t\t\t\t\t\t\t<div class=\"elementor-icon-wrapper\">\n\t\t\t<div class=\"elementor-icon\">\n\t\t\t<svg xmlns=\"http:\/\/www.w3.org\/2000\/svg\" id=\"Capa_1\" data-name=\"Capa 1\" viewBox=\"0 0 299.44 38.69\"><path d=\"M295.09,11c-9.27,9-31.68,13.56-52.15,15.66-26.3,2.44-47.34-.66-73.91-10C130.92,2.22,89.08.81,53.83,6.52c-21.18,3.55-44,10.07-50.91,20.27l2,.35c9.27-9,31.68-13.56,52.15-15.66,26.3-2.44,50.57-.86,75.16,8.41,39.41,17.8,78.7,17.48,114,11.77,21.18-3.55,44-10.07,50.91-20.27Z\"><\/path><\/svg>\t\t\t<\/div>\n\t\t<\/div>\n\t\t\t\t\t\t<\/div>\n\t\t\t\t<\/div>\n\t\t\t\t\t<\/div>\n\t\t<\/div>\n\t\t\t\t\t<\/div>\n\t\t<\/section>\n\t\t\t\t<section class=\"elementor-section elementor-top-section elementor-element elementor-element-4425e72 elementor-section-boxed elementor-section-height-default elementor-section-height-default\" data-id=\"4425e72\" data-element_type=\"section\">\n\t\t\t\t\t\t<div class=\"elementor-container elementor-column-gap-wider\">\n\t\t\t\t\t<div class=\"elementor-column elementor-col-100 elementor-top-column elementor-element elementor-element-4328ca2\" data-id=\"4328ca2\" data-element_type=\"column\">\n\t\t\t<div class=\"elementor-widget-wrap elementor-element-populated\">\n\t\t\t\t\t\t\t<\/div>\n\t\t<\/div>\n\t\t\t\t\t<\/div>\n\t\t<\/section>\n\t\t\t\t<section class=\"elementor-section elementor-top-section elementor-element elementor-element-5e3a0fc elementor-section-boxed elementor-section-height-default elementor-section-height-default\" data-id=\"5e3a0fc\" data-element_type=\"section\" data-settings=\"{&quot;background_background&quot;:&quot;classic&quot;}\">\n\t\t\t\t\t\t<div class=\"elementor-container elementor-column-gap-default\">\n\t\t\t\t\t<div class=\"elementor-column elementor-col-100 elementor-top-column elementor-element elementor-element-768de56\" data-id=\"768de56\" data-element_type=\"column\">\n\t\t\t<div class=\"elementor-widget-wrap elementor-element-populated\">\n\t\t\t\t\t\t<div class=\"elementor-element elementor-element-c0294dd elementor-tabs-alignment-center elementor-tabs-view-horizontal elementor-widget elementor-widget-tabs\" data-id=\"c0294dd\" data-element_type=\"widget\" data-widget_type=\"tabs.default\">\n\t\t\t\t<div class=\"elementor-widget-container\">\n\t\t\t\t\t\t\t<div class=\"elementor-tabs\">\n\t\t\t<div class=\"elementor-tabs-wrapper\" role=\"tablist\" >\n\t\t\t\t\t\t\t\t\t<div id=\"elementor-tab-title-2011\" class=\"elementor-tab-title elementor-tab-desktop-title\" aria-selected=\"true\" data-tab=\"1\" role=\"tab\" tabindex=\"0\" aria-controls=\"elementor-tab-content-2011\" aria-expanded=\"false\">Historia de los Vinos Dulces<\/div>\n\t\t\t\t\t\t\t\t\t<div id=\"elementor-tab-title-2012\" class=\"elementor-tab-title elementor-tab-desktop-title\" aria-selected=\"false\" data-tab=\"2\" role=\"tab\" tabindex=\"-1\" aria-controls=\"elementor-tab-content-2012\" aria-expanded=\"false\">Localizaci\u00f3n, Suelo y Clima<\/div>\n\t\t\t\t\t\t\t\t\t<div id=\"elementor-tab-title-2013\" class=\"elementor-tab-title elementor-tab-desktop-title\" aria-selected=\"false\" data-tab=\"3\" role=\"tab\" tabindex=\"-1\" aria-controls=\"elementor-tab-content-2013\" aria-expanded=\"false\">Tipos de Vinos Dulces<\/div>\n\t\t\t\t\t\t\t\t\t<div id=\"elementor-tab-title-2014\" class=\"elementor-tab-title elementor-tab-desktop-title\" aria-selected=\"false\" data-tab=\"4\" role=\"tab\" tabindex=\"-1\" aria-controls=\"elementor-tab-content-2014\" aria-expanded=\"false\">Variedades<\/div>\n\t\t\t\t\t\t\t\t\t<div id=\"elementor-tab-title-2015\" class=\"elementor-tab-title elementor-tab-desktop-title\" aria-selected=\"false\" data-tab=\"5\" role=\"tab\" tabindex=\"-1\" aria-controls=\"elementor-tab-content-2015\" aria-expanded=\"false\">Car\u00e1cter<\/div>\n\t\t\t\t\t\t\t\t\t<div id=\"elementor-tab-title-2016\" class=\"elementor-tab-title elementor-tab-desktop-title\" aria-selected=\"false\" data-tab=\"6\" role=\"tab\" tabindex=\"-1\" aria-controls=\"elementor-tab-content-2016\" aria-expanded=\"false\">Actualidad<\/div>\n\t\t\t\t\t\t\t<\/div>\n\t\t\t<div class=\"elementor-tabs-content-wrapper\" role=\"tablist\" aria-orientation=\"vertical\">\n\t\t\t\t\t\t\t\t\t<div class=\"elementor-tab-title elementor-tab-mobile-title\" aria-selected=\"true\" data-tab=\"1\" role=\"tab\" tabindex=\"0\" aria-controls=\"elementor-tab-content-2011\" aria-expanded=\"false\">Historia de los Vinos Dulces<\/div>\n\t\t\t\t\t<div id=\"elementor-tab-content-2011\" class=\"elementor-tab-content elementor-clearfix\" data-tab=\"1\" role=\"tabpanel\" aria-labelledby=\"elementor-tab-title-2011\" tabindex=\"0\" hidden=\"false\"><p>Los vinos dulces tienen una historia que se remonta a la antig\u00fcedad, y son valorados desde hace miles de a\u00f1os por su intensidad de sabor y su capacidad para acompa\u00f1ar tanto postres como platos principales. En el antiguo Egipto y Grecia, ya se elaboraban vinos dulces utilizando t\u00e9cnicas como la sobremaduraci\u00f3n de uva o la interrupci\u00f3n de la fermentaci\u00f3n para retener az\u00facares naturales. En la Edad Media, estos vinos se consolidaron en Europa, especialmente en regiones como Hungr\u00eda, Francia y Espa\u00f1a, donde se perfeccionaron m\u00e9todos para su producci\u00f3n.<\/p>\n<\/div>\n\t\t\t\t\t\t\t\t\t<div class=\"elementor-tab-title elementor-tab-mobile-title\" aria-selected=\"false\" data-tab=\"2\" role=\"tab\" tabindex=\"-1\" aria-controls=\"elementor-tab-content-2012\" aria-expanded=\"false\">Localizaci\u00f3n, Suelo y Clima<\/div>\n\t\t\t\t\t<div id=\"elementor-tab-content-2012\" class=\"elementor-tab-content elementor-clearfix\" data-tab=\"2\" role=\"tabpanel\" aria-labelledby=\"elementor-tab-title-2012\" tabindex=\"0\" hidden=\"hidden\"><p>Los vinos dulces se producen en varias regiones vin\u00edcolas del mundo, cada una aportando sus caracter\u00edsticas \u00fanicas. Algunas de las regiones m\u00e1s famosas incluyen:<\/p>\n<ul>\n<li><strong>Tokaji<\/strong> (Hungr\u00eda): Con su vino Tokaji Asz\u00fa, uno de los vinos dulces m\u00e1s antiguos y venerados.<\/li>\n<li><strong>Sauternes<\/strong> (Francia): Famosa por sus vinos botritizados, producidos en suelos arcillosos y calc\u00e1reos con un clima h\u00famedo que favorece la aparici\u00f3n del hongo Botrytis cinerea.<\/li>\n<li><strong>Jerez<\/strong> (Espa\u00f1a): Donde se elaboran vinos dulces como el Pedro Xim\u00e9nez en suelos de albariza bajo un clima c\u00e1lido y seco.<\/li>\n<\/ul>\n<\/div>\n\t\t\t\t\t\t\t\t\t<div class=\"elementor-tab-title elementor-tab-mobile-title\" aria-selected=\"false\" data-tab=\"3\" role=\"tab\" tabindex=\"-1\" aria-controls=\"elementor-tab-content-2013\" aria-expanded=\"false\">Tipos de Vinos Dulces<\/div>\n\t\t\t\t\t<div id=\"elementor-tab-content-2013\" class=\"elementor-tab-content elementor-clearfix\" data-tab=\"3\" role=\"tabpanel\" aria-labelledby=\"elementor-tab-title-2013\" tabindex=\"0\" hidden=\"hidden\"><ul>\n<li><strong>Vinos de Cosecha:<\/strong> Uvas recogidas tarde, cuando han conseguido un alto nivel de az\u00facar.<\/li>\n<li><strong>Vinos Botritizados:<\/strong> Vinos elaborados con uvas afectadas por la \u00abpodredumbre noble\u00bb, como el Sauternes.<\/li>\n<li><strong>Vinos de Hielo (Eiswein):<\/strong> Uvas recogidas y prensadas mientras est\u00e1n congelados, concentrando los az\u00facares naturales.<\/li>\n<li><strong>Vinos Fortificados<\/strong>: Como el Porto o el Moscatel, donde se interrumpe la fermentaci\u00f3n a\u00f1adiendo alcohol, conservando los az\u00facares naturales.<\/li>\n<li><strong>Vinos Passificados:<\/strong> Uvas que se secan al sol o en rejillas para concentrar az\u00facares, como en el caso del Vin Santo en Italia.<\/li>\n<\/ul>\n<\/div>\n\t\t\t\t\t\t\t\t\t<div class=\"elementor-tab-title elementor-tab-mobile-title\" aria-selected=\"false\" data-tab=\"4\" role=\"tab\" tabindex=\"-1\" aria-controls=\"elementor-tab-content-2014\" aria-expanded=\"false\">Variedades<\/div>\n\t\t\t\t\t<div id=\"elementor-tab-content-2014\" class=\"elementor-tab-content elementor-clearfix\" data-tab=\"4\" role=\"tabpanel\" aria-labelledby=\"elementor-tab-title-2014\" tabindex=\"0\" hidden=\"hidden\"><p><strong>Variedades:<\/strong> Las variedades de uva utilizadas para elaborar vinos dulces var\u00edan seg\u00fan la regi\u00f3n y el tipo de vino.<\/p>\n<p><strong>Algunas de las m\u00e1s comunes son:<\/strong> <\/p>\n<ul>\n<li>Moscatel: Utilizada en varias regiones, conocida por su perfil arom\u00e1tico y dulce.<\/li>\n<li>Riesling: Especialmente en Alemania, donde produce vinos dulces de alta acidez y longevidad.<\/li>\n<li>Semillon: Principal uva en los vinos Sauternas de Francia.<\/li>\n<li>Pedro Xim\u00e9nez: Usada en Jerez para producir vinos oscuros y extremadamente dulces.<\/li>\n<\/ul>\n<\/div>\n\t\t\t\t\t\t\t\t\t<div class=\"elementor-tab-title elementor-tab-mobile-title\" aria-selected=\"false\" data-tab=\"5\" role=\"tab\" tabindex=\"-1\" aria-controls=\"elementor-tab-content-2015\" aria-expanded=\"false\">Car\u00e1cter<\/div>\n\t\t\t\t\t<div id=\"elementor-tab-content-2015\" class=\"elementor-tab-content elementor-clearfix\" data-tab=\"5\" role=\"tabpanel\" aria-labelledby=\"elementor-tab-title-2015\" tabindex=\"0\" hidden=\"hidden\"><p>Los vinos dulces se caracterizan por su alta concentraci\u00f3n de az\u00facares naturales, que les confieren una textura viscosa y un sabor intenso. Pueden tener una complejidad arom\u00e1tica que incluye notas de frutas maduras, miel, especias, flores y frutos secos. Su acidez equilibrada es clave para evitar que resulten embadurnadores, consiguiendo un balance que les otorga frescura y elegancia.<\/p>\n<\/div>\n\t\t\t\t\t\t\t\t\t<div class=\"elementor-tab-title elementor-tab-mobile-title\" aria-selected=\"false\" data-tab=\"6\" role=\"tab\" tabindex=\"-1\" aria-controls=\"elementor-tab-content-2016\" aria-expanded=\"false\">Actualidad<\/div>\n\t\t\t\t\t<div id=\"elementor-tab-content-2016\" class=\"elementor-tab-content elementor-clearfix\" data-tab=\"6\" role=\"tabpanel\" aria-labelledby=\"elementor-tab-title-2016\" tabindex=\"0\" hidden=\"hidden\"><p>Hoy en d\u00eda, los vinos dulces siguen siendo muy apreciados tanto en la alta gastronom\u00eda como en el consumo cotidiano. Aunque en algunos mercados su popularidad ha fluctuado, su calidad y singularidad siguen atrayendo entusiastas del vino. Actualmente, existe un renovado inter\u00e9s por explorar t\u00e9cnicas tradicionales de vinificaci\u00f3n y nuevos m\u00e9todos de producci\u00f3n sostenible, lo que ha permitido a los vinos dulces ganar terreno en concursos internacionales y en las mesas de los m\u00e1s exigentes. La diversidad de estilos y la capacidad de estos vinos para envejecer les aseguran un lugar especial en la cultura vin\u00edcola global.<\/p>\n<\/div>\n\t\t\t\t\t\t\t<\/div>\n\t\t<\/div>\n\t\t\t\t\t\t<\/div>\n\t\t\t\t<\/div>\n\t\t\t\t\t<\/div>\n\t\t<\/div>\n\t\t\t\t\t<\/div>\n\t\t<\/section>\n\t\t\t\t<\/div>\n\t\t","protected":false},"excerpt":{"rendered":"<p>Venta online Dulces y Generosos Historia de los Vinos Dulces Localizaci\u00f3n, Suelo y Clima Tipos de Vinos Dulces Variedades Car\u00e1cter Actualidad Historia de los Vinos Dulces Los vinos dulces tienen una historia que se remonta a la antig\u00fcedad, y son valorados desde hace miles de a\u00f1os por su intensidad de sabor y su capacidad para [&hellip;]<\/p>\n","protected":false},"author":35,"featured_media":0,"parent":0,"menu_order":0,"comment_status":"closed","ping_status":"closed","template":"","meta":{"footnotes":""},"class_list":["post-10920","page","type-page","status-publish","hentry"],"_links":{"self":[{"href":"https:\/\/tienda.laude.wine\/es\/wp-json\/wp\/v2\/pages\/10920","targetHints":{"allow":["GET"]}}],"collection":[{"href":"https:\/\/tienda.laude.wine\/es\/wp-json\/wp\/v2\/pages"}],"about":[{"href":"https:\/\/tienda.laude.wine\/es\/wp-json\/wp\/v2\/types\/page"}],"author":[{"embeddable":true,"href":"https:\/\/tienda.laude.wine\/es\/wp-json\/wp\/v2\/users\/35"}],"replies":[{"embeddable":true,"href":"https:\/\/tienda.laude.wine\/es\/wp-json\/wp\/v2\/comments?post=10920"}],"version-history":[{"count":1,"href":"https:\/\/tienda.laude.wine\/es\/wp-json\/wp\/v2\/pages\/10920\/revisions"}],"predecessor-version":[{"id":10922,"href":"https:\/\/tienda.laude.wine\/es\/wp-json\/wp\/v2\/pages\/10920\/revisions\/10922"}],"wp:attachment":[{"href":"https:\/\/tienda.laude.wine\/es\/wp-json\/wp\/v2\/media?parent=10920"}],"curies":[{"name":"wp","href":"https:\/\/api.w.org\/{rel}","templated":true}]}}