{"id":12395,"date":"2024-09-15T08:36:11","date_gmt":"2024-09-15T08:36:11","guid":{"rendered":"https:\/\/tienda.laude.wine\/product\/marriage-of-burbia-mencia\/"},"modified":"2024-09-15T08:36:11","modified_gmt":"2024-09-15T08:36:11","slug":"marriage-of-burbia-mencia","status":"publish","type":"product","link":"https:\/\/tienda.laude.wine\/en\/product\/marriage-of-burbia-mencia\/","title":{"rendered":"Marriage of Burbia Mencia"},"content":{"rendered":"<p><strong>Wine: <\/strong>Marriage of Burbia Mencia<br \/>\n<strong>Varieties:<\/strong> He lies.<\/p>\n<p><strong>Alcohol:<\/strong> 14.5%<\/p>\n<p><strong>Name of the estates: <\/strong>Vi\u00f1as Sapita, San Salvador, Olarte, Valdepi\u00f1eiro, El Casta\u00f1al and Valdaiga, Valtuille de Arriba, Bierzo. <strong><br \/>\nType of soil:<\/strong> Clayey soils due to their accumulation at the bottom of the slope. Soils richer in organic matter, which is why the vines present there were planted in trellises and with a denser planting framework, so that the plants compete naturally with each other and balance their vigour. <\/p>\n<p><strong>Cellar:<\/strong> <a href=\"\/?product_cat=casar-de-burbia\">Casar de Burbia<\/a><br \/>\n<strong>Designation of Origin:<\/strong> <a href=\"\/?product_cat=bierzo\">DO Bierzo<\/a><\/p>\n<p><strong>Elaboration: <\/strong>Maintaining the style of this house, the wine is vinified in small tanks of 10,000 liters, where the different plots of our vineyard ferment separately, to later define the blend that will make up the new vintage of Casar de Burbia. The wine is aged for two months with its own lees to finally enter second and third year French oak barrels for a time according to the type of vintage, which usually lasts around 10-12 months. <\/p>\n<p>If you are a professional and want to have the Casar de Burbia Mencia in your restaurant or premises, you just have to contact <a href=\"mailto:info@monvins.cat\">info@monvins.cat<\/a> with your order and your details.<\/p>\n","protected":false},"excerpt":{"rendered":"<p><strong>Wine:<\/strong> Casar de Burbia Mencia<br \/>\n<strong>Varieties:<\/strong> 100% Mencia.<br \/>\n<strong>Alcohol:<\/strong> 14.5%<strong>Winery<\/strong><br \/>\n: Casar de Burbia<br \/>\n<strong>Designation of Origin:<\/strong> DO Bierzo<br \/>\n<strong>Recognitions:<\/strong><br \/>\n93 points in the Pe\u00f1\u00edn Guide.<br \/>\n90 Parker points.<\/p>\n","protected":false},"featured_media":12396,"comment_status":"open","ping_status":"closed","template":"","meta":[],"product_brand":[],"product_cat":[335],"product_tag":[486],"class_list":{"0":"post-12395","1":"product","2":"type-product","3":"status-publish","4":"has-post-thumbnail","6":"product_cat-all","7":"product_tag-lies","9":"first","10":"instock","11":"taxable","12":"shipping-taxable","13":"purchasable","14":"product-type-simple"},"_links":{"self":[{"href":"https:\/\/tienda.laude.wine\/en\/wp-json\/wp\/v2\/product\/12395","targetHints":{"allow":["GET"]}}],"collection":[{"href":"https:\/\/tienda.laude.wine\/en\/wp-json\/wp\/v2\/product"}],"about":[{"href":"https:\/\/tienda.laude.wine\/en\/wp-json\/wp\/v2\/types\/product"}],"replies":[{"embeddable":true,"href":"https:\/\/tienda.laude.wine\/en\/wp-json\/wp\/v2\/comments?post=12395"}],"wp:featuredmedia":[{"embeddable":true,"href":"https:\/\/tienda.laude.wine\/en\/wp-json\/wp\/v2\/media\/12396"}],"wp:attachment":[{"href":"https:\/\/tienda.laude.wine\/en\/wp-json\/wp\/v2\/media?parent=12395"}],"wp:term":[{"taxonomy":"product_brand","embeddable":true,"href":"https:\/\/tienda.laude.wine\/en\/wp-json\/wp\/v2\/product_brand?post=12395"},{"taxonomy":"product_cat","embeddable":true,"href":"https:\/\/tienda.laude.wine\/en\/wp-json\/wp\/v2\/product_cat?post=12395"},{"taxonomy":"product_tag","embeddable":true,"href":"https:\/\/tienda.laude.wine\/en\/wp-json\/wp\/v2\/product_tag?post=12395"}],"curies":[{"name":"wp","href":"https:\/\/api.w.org\/{rel}","templated":true}]}}