{"id":12094,"date":"2024-09-03T06:10:39","date_gmt":"2024-09-03T06:10:39","guid":{"rendered":"https:\/\/tienda.laude.wine\/product\/grenache-from-l-emporda\/"},"modified":"2025-11-19T11:09:27","modified_gmt":"2025-11-19T11:09:27","slug":"garnatxa-lemporda","status":"publish","type":"product","link":"https:\/\/tienda.laude.wine\/en\/product\/garnatxa-lemporda\/","title":{"rendered":"Garnatxa L&#8217;Empord\u00e0"},"content":{"rendered":"<p><strong>Wine: <\/strong>Garnatxa L&#8217;Empord\u00e0<br \/>\n<strong>Varieties:<\/strong> 100% Red Grenache<br \/>\n<strong>Age:<\/strong> Over 70 years<br \/>\n<strong>Alcohol:<\/strong> 17.5%<br \/>\n<strong>Cellar:<\/strong> Mas Llunes<br \/>\n<strong>Designation of Origin:<\/strong> DO Empord\u00e0<\/p>\n<p>&nbsp;<\/p>\n<p><strong>Elaboration: <\/strong>Traditional production with pre-fermentation maceration of the must with the grape skins; spontaneous start of fermentation with native yeasts<br \/>\nand stop adding neutral wine alcohol. Bottled in barrels without clarifying or filtering.<br \/>\n<strong>Service:<\/strong> Serve it between 8 and 10\u00baC.<\/p>\n<p>If you are a professional and want to have Grenache Solera in your restaurant or premises, you just have to contact <a href=\"mailto:info@monvins.cat\">info@monvins.cat<\/a> with your order and your details.<\/p>\n","protected":false},"excerpt":{"rendered":"<p><strong>Wine:<\/strong> Garnatxa l&#8217;Empord\u00e0<br \/>\n<strong>Varieties: <\/strong>100% Red Grenache<br \/>\n<strong>Alcohol:<\/strong> 17.5%<br \/>\n<strong>Cellar:<\/strong> Mas Llunes<br \/>\n<strong>Designation of Origin:<\/strong> DO Empord\u00e0<br \/>\n<strong>Recognitions:<\/strong><br \/>\n93 points Gu\u00eda Pe\u00f1\u00edn (2020)<br \/>\nGold Medal Grenaches du Monde (2018)<br \/>\n93 points Parker (2015)<br \/>\nGrand Gold Medal at the Berliner Wein Trophy (2015)<br \/>\nGran Vinari d&#8217;Or 2013 (Best Wine of Catalonia 2013)<strong><br \/>\n<\/strong><\/p>\n","protected":false},"featured_media":12097,"comment_status":"open","ping_status":"closed","template":"","meta":[],"product_brand":[],"product_cat":[352,335],"product_tag":[669],"class_list":{"0":"post-12094","1":"product","2":"type-product","3":"status-publish","4":"has-post-thumbnail","6":"product_cat-sweet-and-generous","7":"product_cat-all","8":"product_tag-red-grenache","10":"first","11":"instock","12":"taxable","13":"shipping-taxable","14":"purchasable","15":"product-type-simple"},"_links":{"self":[{"href":"https:\/\/tienda.laude.wine\/en\/wp-json\/wp\/v2\/product\/12094","targetHints":{"allow":["GET"]}}],"collection":[{"href":"https:\/\/tienda.laude.wine\/en\/wp-json\/wp\/v2\/product"}],"about":[{"href":"https:\/\/tienda.laude.wine\/en\/wp-json\/wp\/v2\/types\/product"}],"replies":[{"embeddable":true,"href":"https:\/\/tienda.laude.wine\/en\/wp-json\/wp\/v2\/comments?post=12094"}],"wp:featuredmedia":[{"embeddable":true,"href":"https:\/\/tienda.laude.wine\/en\/wp-json\/wp\/v2\/media\/12097"}],"wp:attachment":[{"href":"https:\/\/tienda.laude.wine\/en\/wp-json\/wp\/v2\/media?parent=12094"}],"wp:term":[{"taxonomy":"product_brand","embeddable":true,"href":"https:\/\/tienda.laude.wine\/en\/wp-json\/wp\/v2\/product_brand?post=12094"},{"taxonomy":"product_cat","embeddable":true,"href":"https:\/\/tienda.laude.wine\/en\/wp-json\/wp\/v2\/product_cat?post=12094"},{"taxonomy":"product_tag","embeddable":true,"href":"https:\/\/tienda.laude.wine\/en\/wp-json\/wp\/v2\/product_tag?post=12094"}],"curies":[{"name":"wp","href":"https:\/\/api.w.org\/{rel}","templated":true}]}}