{"id":11794,"date":"2024-09-15T08:36:10","date_gmt":"2024-09-15T08:36:10","guid":{"rendered":"https:\/\/tienda.laude.wine\/product\/ausas-interpretacion-2022\/"},"modified":"2025-11-18T12:21:29","modified_gmt":"2025-11-18T12:21:29","slug":"ausas-interpretacion-2022","status":"publish","type":"product","link":"https:\/\/tienda.laude.wine\/en\/product\/ausas-interpretacion-2022\/","title":{"rendered":"Aus\u00e0s Interpretaci\u00f3n 2022"},"content":{"rendered":"<p><strong>Wine:<\/strong> Aus\u00e0s Interpretation 2022<br \/>\n<strong>Varieties:<\/strong> 100% Tempranillo<br \/>\n<strong>Alcohol:<\/strong> 15% vol.<br \/>\n<strong>Cellar:<\/strong> Aussing<br \/>\n<strong>Designation of Origin:<\/strong> DO Ribera del Duero<\/p>\n<p>&nbsp;<\/p>\n<p><strong>History of wine:<\/strong> Aus\u00e0s Interpretation is the personal project of Xavier Aus\u00e0s, former winemaker of Vega Sic\u00edlia, made in Quintanilla de On\u00e9simo after 25 years of experience and with the collaboration of trusted winegrowers.<br \/>\n<strong>Age of the vineyard:<\/strong> 40 years.<br \/>\n<strong>Elaboration:<\/strong> Aged for 16 months in new and used French oak barrels.<br \/>\n<strong>Service:<\/strong> Serve between 15 and 17 \u00b0C.<\/p>\n","protected":false},"excerpt":{"rendered":"<p><strong>Wine: <\/strong>Aus\u00e0s Interpretation<br \/>\n<strong>Varieties: <\/strong>100% Tempranillo<br \/>\n<strong>Alcohol:<\/strong> 15%<br \/>\n<strong>Cellar:<\/strong> Aus\u00e0s<br \/>\n<strong>Designation of Origin:<\/strong> DO Ribera del Duero<\/p>\n","protected":false},"featured_media":11801,"comment_status":"open","ping_status":"closed","template":"","meta":[],"product_brand":[],"product_cat":[346,335],"product_tag":[379],"class_list":{"0":"post-11794","1":"product","2":"type-product","3":"status-publish","4":"has-post-thumbnail","6":"product_cat-red","7":"product_cat-all","8":"product_tag-tempranillo","10":"first","11":"instock","12":"taxable","13":"shipping-taxable","14":"purchasable","15":"product-type-simple"},"_links":{"self":[{"href":"https:\/\/tienda.laude.wine\/en\/wp-json\/wp\/v2\/product\/11794","targetHints":{"allow":["GET"]}}],"collection":[{"href":"https:\/\/tienda.laude.wine\/en\/wp-json\/wp\/v2\/product"}],"about":[{"href":"https:\/\/tienda.laude.wine\/en\/wp-json\/wp\/v2\/types\/product"}],"replies":[{"embeddable":true,"href":"https:\/\/tienda.laude.wine\/en\/wp-json\/wp\/v2\/comments?post=11794"}],"wp:featuredmedia":[{"embeddable":true,"href":"https:\/\/tienda.laude.wine\/en\/wp-json\/wp\/v2\/media\/11801"}],"wp:attachment":[{"href":"https:\/\/tienda.laude.wine\/en\/wp-json\/wp\/v2\/media?parent=11794"}],"wp:term":[{"taxonomy":"product_brand","embeddable":true,"href":"https:\/\/tienda.laude.wine\/en\/wp-json\/wp\/v2\/product_brand?post=11794"},{"taxonomy":"product_cat","embeddable":true,"href":"https:\/\/tienda.laude.wine\/en\/wp-json\/wp\/v2\/product_cat?post=11794"},{"taxonomy":"product_tag","embeddable":true,"href":"https:\/\/tienda.laude.wine\/en\/wp-json\/wp\/v2\/product_tag?post=11794"}],"curies":[{"name":"wp","href":"https:\/\/api.w.org\/{rel}","templated":true}]}}