{"id":11496,"date":"2024-10-30T18:22:24","date_gmt":"2024-10-30T18:22:24","guid":{"rendered":"https:\/\/tienda.laude.wine\/product\/thunder-wine-makers-talk\/"},"modified":"2025-11-18T09:18:57","modified_gmt":"2025-11-18T09:18:57","slug":"thunder-wine-makers-falares","status":"publish","type":"product","link":"https:\/\/tienda.laude.wine\/en\/product\/thunder-wine-makers-falares\/","title":{"rendered":"Thunder Wine Makers Falares"},"content":{"rendered":"<p><strong>Wine: <\/strong>Falares<strong><br \/>\nVarieties: <\/strong> Brancellao, Casta\u00f1al, Sous\u00f3n, Touriga Nacional, Cai\u00f1o Negre<strong><br \/>\nAlcohol: <\/strong>12 % vol. <strong><br \/>\nCellar: <\/strong>Thunder Wine Makers <strong><br \/>\nDesignation of Origin: <\/strong>DO Rias Baixas<\/p>\n<p>&nbsp;<\/p>\n<p><strong data-start=\"1113\" data-end=\"1127\">Elaboration: <\/strong>Fermentation and maceration in barrels with stems (5%) for 10 days at 22 \u00b0C; malolactic in stainless steel; ageing in stainless steel with the work of mothers; limited production of 300 bottles.<\/p>\n<p><strong data-start=\"1345\" data-end=\"1355\">Service: <\/strong> Serve between 14 and 16 \u00b0C.<\/p>\n<p>&nbsp;<\/p>\n","protected":false},"excerpt":{"rendered":"<p><strong>Wine: <\/strong>Falares<strong><br \/>\nVarieties: <\/strong> Brancellao, Casta\u00f1al, Sous\u00f3n, Touriga Nacional, Cai\u00f1o Negre<strong><br \/>\nAlcohol: <\/strong>12 % vol. <strong><br \/>\nCellar: <\/strong>Thunder Wine Makers <strong><br \/>\nDesignation of Origin: <\/strong>DO Rias Baixas<\/p>\n","protected":false},"featured_media":11500,"comment_status":"closed","ping_status":"closed","template":"","meta":[],"product_brand":[],"product_cat":[346,335],"product_tag":[],"class_list":{"0":"post-11496","1":"product","2":"type-product","3":"status-publish","4":"has-post-thumbnail","6":"product_cat-red","7":"product_cat-all","9":"first","10":"instock","11":"taxable","12":"shipping-taxable","13":"purchasable","14":"product-type-simple"},"_links":{"self":[{"href":"https:\/\/tienda.laude.wine\/en\/wp-json\/wp\/v2\/product\/11496","targetHints":{"allow":["GET"]}}],"collection":[{"href":"https:\/\/tienda.laude.wine\/en\/wp-json\/wp\/v2\/product"}],"about":[{"href":"https:\/\/tienda.laude.wine\/en\/wp-json\/wp\/v2\/types\/product"}],"replies":[{"embeddable":true,"href":"https:\/\/tienda.laude.wine\/en\/wp-json\/wp\/v2\/comments?post=11496"}],"wp:featuredmedia":[{"embeddable":true,"href":"https:\/\/tienda.laude.wine\/en\/wp-json\/wp\/v2\/media\/11500"}],"wp:attachment":[{"href":"https:\/\/tienda.laude.wine\/en\/wp-json\/wp\/v2\/media?parent=11496"}],"wp:term":[{"taxonomy":"product_brand","embeddable":true,"href":"https:\/\/tienda.laude.wine\/en\/wp-json\/wp\/v2\/product_brand?post=11496"},{"taxonomy":"product_cat","embeddable":true,"href":"https:\/\/tienda.laude.wine\/en\/wp-json\/wp\/v2\/product_cat?post=11496"},{"taxonomy":"product_tag","embeddable":true,"href":"https:\/\/tienda.laude.wine\/en\/wp-json\/wp\/v2\/product_tag?post=11496"}],"curies":[{"name":"wp","href":"https:\/\/api.w.org\/{rel}","templated":true}]}}